{"id":7,"date":"2013-04-05T06:53:45","date_gmt":"2013-04-05T04:53:45","guid":{"rendered":"http:\/\/tt-camp.eu\/?page_id=7"},"modified":"2026-03-15T13:27:28","modified_gmt":"2026-03-15T11:27:28","slug":"home","status":"publish","type":"page","link":"https:\/\/tt-camp.eu\/","title":{"rendered":"Home"},"content":{"rendered":"<h1>Professionelle Tischtennis-Camps und Urlaub in Tschechien<\/h1>\n<style type=\"text\/css\">\n.meinetextbox {\nbackground-color:#C8DEF8 ;\nborder: 1px solid #003559;\nfloat: right;\nmargin: 0px 0px 20px 30px;\nwidth: 250px;\n}\n.meinetextbox_inhalt {\npadding: 25px;\n}\n<\/style>\n<div class=\"meinetextbox\">\n<div class=\"meinetextbox_inhalt\"><img decoding=\"async\" class=\" wp-image-1817 alignleft\" style=\"border: 0px none; margin: -5px 0px 15px -7px\" alt=\"KempHodonin_Button_pink\" src=\"https:\/\/tt-camp.eu\/wp-content\/uploads\/2018\/07\/KempHodonin_Button_16_k.png\" \/><\/p>\n<p><font color=\"#000000\"><center><strong>Sommerkurse 2026 <\/strong><br \/>\n<s>20.07. &#8211; 25.07.2026<\/s><br \/>\nausgebucht<br \/>\n<font color=\"#C01799\"><strong>27.07. &#8211; 01.08.2026 <\/strong><br \/>\n<font color=\"#000000\"><s>03.08. &#8211; 08.08.2026<\/s><br \/>\nausgebucht<br \/>\n<strong><font color=\"#000000\">Preise<\/strong><br \/>\n419,- EUR (DZ\/VP)<br \/>\n489,- EUR (EZ\/VP)<br \/>\n(inkl. Training, Fitnessbereich,<br \/>\nMineralwasser beim Training)<br \/>\n309,- EUR (DZ\/VP)<br \/>\n(ohne Training, mit Fitnessbereich)<br \/>\n<font color=\"#000000\"><strong><a href=\"https:\/\/tt-camp.eu\/?page_id=102\">Reservierung<\/a><br \/>\n<img decoding=\"async\" class=\" wp-image-1819 alignleft\" style=\"border: 0px none; margin: 15px 0px 15px -7px\" alt=\"KempHodonin_Button_17_k.png\" src=\"https:\/\/tt-camp.eu\/wp-content\/uploads\/2018\/07\/KempHodonin_Button_17_k.png\" \/><\/strong><\/p>\n<\/div>\n<\/div>\n<p style=\"text-align: justify;\"><\/strong>Du m\u00f6chtest Dich intensiv mit professionellen Trainern auf die kommenden Punktspiele vorbereiten oder Du bist einfach nur Tischtennis begeistert?<br \/>\nDann m\u00f6chten wir Dich nach Hodonin zu unseren Tischtennis-Lehrg\u00e4ngen einladen. Du m\u00f6chtest mit Deinem Freund oder Partner mitkommen und die sch\u00f6ne Gegend erkunden? Dann bist Du genau so richtig bei uns.<\/p>\n<p><strong>Trainiere wie die Profis mit den Profis<\/strong><\/p>\n<p style=\"text-align: justify;\">Wir trainieren insgesamt 4 Einheiten \u00e0 2 Stunden, 3 Einheiten \u00e0 1,5 Stunden und spielen einen kompletten Trainingstag Einzel-Turnier. Auf dem Plan stehen Ballwechsel\u00fcbungen, Beinarbeit, Aufschlagtraining, Verbesserung der Schlagtechnik und Balleimertraining. \u00dcbungen, \u00dcbungsgruppen und Trainingsaufgaben werden individuell an Eure Spielst\u00e4rke angepasst. So profitieren Anf\u00e4nger, Hobbyspieler wie auch Fortgeschrittene gleicherma\u00dfen. Nach dem Training steht Fitness auf dem Programm, oder wir gehen Schwimmen. Optional haben wir auch einen Ausflug zum Weltkulturerbe-Schloss Lednice im Programm. Abends l\u00e4dt die muntere Kleinstadt zum Bummeln ein. Am gesamten Freitag findet das Abschlussturnier statt &#8211; alle Pl\u00e4tze werden ausgespielt, niemand sitzt lange herum.<br \/>\nUnsere moderne <a href=\"https:\/\/www.google.com\/maps\/place\/Sportcentrum+\u017delva\/@48.9107941,17.0959041,17z\/data=!4m6!3m5!1s0x471325fded034f51:0xbb8b042503e78fa!8m2!3d48.9109476!4d17.0984228!16s%2Fg%2F1tsynhyl?hl=cs&#038;entry=ttu\"target=\"_blank\">Trainingshalle<\/a> liegt im Nachbarort Dub\u0148any und bietet gen\u00fcgend Platz auch f\u00fcr gr\u00f6\u00dfere Gruppen. Ein Shuttlebus bef\u00f6rdert uns hin und zur\u00fcck.<br \/>\nIn der Pension Lipovka gibt es den Fitnessbereich kostenlos dazu &#8211; am Dienstag Nachmittag gibt es eine Einf\u00fchrungseinheit. (Bilder der Halle und von den Camps siehe unten oder in den Gallerien.)<\/p>\n<p style=\"text-align: justify;\">Die <strong>Gesamtkosten der Sommerkurse<\/strong> f\u00fcr Training, Unterkunft in der Wellness Pension \u201eLipovka Relax Club\u201c und Vollpension betragen pro Person nur 419,- Euro im Doppelzimmer oder nur 489,- Euro im Einzelzimmer. Begleitpersonen zahlen lediglich 309,- Euro (DZ ohne Training). Alle Zimmer sind mit Dusche, WC, Haartrockner und TV ausgestattet, WLAN ist ebenfalls inklusive. (Upgrades der Zimmer sind gegen Aufpreis auf Anfrage m\u00f6glich.)<br \/>\nWeitere Inklusivleistungen: Benutzung des Fitnessbereichs, Mineralwasser beim Training und ein Besuch im Freibad mit freiem Eintritt.\n<\/p>\n<p><strong>Anmeldungen<\/strong> bitte hier: <a href=\"https:\/\/tt-camp.eu\/?page_id=102\">Reservierung<\/a><br \/>\nWer einen <strong>Gutschein<\/strong> verschenken m\u00f6chte, klickt hier: <a href=\"https:\/\/tt-camp.eu\/?page_id=603\/#Link_Gutschein\">Gutschein<\/a><\/p>\n<div style=\"clear:both\"><\/div>\n<div id='gallery-1' class='gallery galleryid-7 gallery-columns-5 gallery-size-thumbnail'><figure class='gallery-item'>\n\t\t\t<div class='gallery-icon landscape'>\n\t\t\t\t<a href='https:\/\/tt-camp.eu\/wp-content\/uploads\/2013\/08\/2013_ST-KEMP_IV_151_k.jpg'><img loading=\"lazy\" decoding=\"async\" width=\"150\" height=\"150\" src=\"https:\/\/tt-camp.eu\/wp-content\/uploads\/2013\/08\/2013_ST-KEMP_IV_151_k-150x150.jpg\" class=\"attachment-thumbnail size-thumbnail\" alt=\"\" \/><\/a>\n\t\t\t<\/div><\/figure><figure class='gallery-item'>\n\t\t\t<div class='gallery-icon landscape'>\n\t\t\t\t<a href='https:\/\/tt-camp.eu\/wp-content\/uploads\/2020\/08\/IMG_0444_k.jpg'><img loading=\"lazy\" decoding=\"async\" width=\"150\" height=\"150\" src=\"https:\/\/tt-camp.eu\/wp-content\/uploads\/2020\/08\/IMG_0444_k-150x150.jpg\" class=\"attachment-thumbnail size-thumbnail\" alt=\"\" \/><\/a>\n\t\t\t<\/div><\/figure><figure class='gallery-item'>\n\t\t\t<div class='gallery-icon landscape'>\n\t\t\t\t<a href='https:\/\/tt-camp.eu\/wp-content\/uploads\/2013\/08\/IMG_3250_k.jpg'><img loading=\"lazy\" decoding=\"async\" width=\"150\" height=\"150\" src=\"https:\/\/tt-camp.eu\/wp-content\/uploads\/2013\/08\/IMG_3250_k-150x150.jpg\" class=\"attachment-thumbnail size-thumbnail\" alt=\"\" \/><\/a>\n\t\t\t<\/div><\/figure><figure class='gallery-item'>\n\t\t\t<div class='gallery-icon landscape'>\n\t\t\t\t<a href='https:\/\/tt-camp.eu\/wp-content\/uploads\/2014\/07\/IMG_6547_cr_k.jpg'><img loading=\"lazy\" decoding=\"async\" width=\"150\" height=\"150\" src=\"https:\/\/tt-camp.eu\/wp-content\/uploads\/2014\/07\/IMG_6547_cr_k-150x150.jpg\" class=\"attachment-thumbnail size-thumbnail\" alt=\"\" \/><\/a>\n\t\t\t<\/div><\/figure><figure class='gallery-item'>\n\t\t\t<div class='gallery-icon landscape'>\n\t\t\t\t<a href='https:\/\/tt-camp.eu\/wp-content\/uploads\/2014\/07\/IMG_6546_cr_k.jpg'><img loading=\"lazy\" decoding=\"async\" width=\"150\" height=\"150\" src=\"https:\/\/tt-camp.eu\/wp-content\/uploads\/2014\/07\/IMG_6546_cr_k-150x150.jpg\" class=\"attachment-thumbnail size-thumbnail\" alt=\"\" \/><\/a>\n\t\t\t<\/div><\/figure><figure class='gallery-item'>\n\t\t\t<div class='gallery-icon landscape'>\n\t\t\t\t<a href='https:\/\/tt-camp.eu\/wp-content\/uploads\/2014\/07\/IMG_6555_cr_k.jpg'><img loading=\"lazy\" decoding=\"async\" width=\"150\" height=\"150\" src=\"https:\/\/tt-camp.eu\/wp-content\/uploads\/2014\/07\/IMG_6555_cr_k-150x150.jpg\" class=\"attachment-thumbnail size-thumbnail\" alt=\"\" \/><\/a>\n\t\t\t<\/div><\/figure><figure class='gallery-item'>\n\t\t\t<div class='gallery-icon portrait'>\n\t\t\t\t<a href='https:\/\/tt-camp.eu\/wp-content\/uploads\/2013\/08\/IMG_3265_k.jpg'><img loading=\"lazy\" decoding=\"async\" width=\"150\" height=\"150\" src=\"https:\/\/tt-camp.eu\/wp-content\/uploads\/2013\/08\/IMG_3265_k-150x150.jpg\" class=\"attachment-thumbnail size-thumbnail\" alt=\"\" \/><\/a>\n\t\t\t<\/div><\/figure><figure class='gallery-item'>\n\t\t\t<div class='gallery-icon portrait'>\n\t\t\t\t<a href='https:\/\/tt-camp.eu\/wp-content\/uploads\/2013\/08\/IMG_3646_k.jpg'><img loading=\"lazy\" decoding=\"async\" width=\"150\" height=\"150\" src=\"https:\/\/tt-camp.eu\/wp-content\/uploads\/2013\/08\/IMG_3646_k-150x150.jpg\" class=\"attachment-thumbnail size-thumbnail\" alt=\"\" \/><\/a>\n\t\t\t<\/div><\/figure><figure class='gallery-item'>\n\t\t\t<div class='gallery-icon portrait'>\n\t\t\t\t<a href='https:\/\/tt-camp.eu\/wp-content\/uploads\/2013\/08\/IMG_3648_k.jpg'><img loading=\"lazy\" decoding=\"async\" width=\"150\" height=\"150\" src=\"https:\/\/tt-camp.eu\/wp-content\/uploads\/2013\/08\/IMG_3648_k-150x150.jpg\" class=\"attachment-thumbnail size-thumbnail\" alt=\"\" \/><\/a>\n\t\t\t<\/div><\/figure><figure class='gallery-item'>\n\t\t\t<div class='gallery-icon landscape'>\n\t\t\t\t<a href='https:\/\/tt-camp.eu\/wp-content\/uploads\/2013\/08\/IMG_3662_k.jpg'><img loading=\"lazy\" decoding=\"async\" width=\"150\" height=\"150\" src=\"https:\/\/tt-camp.eu\/wp-content\/uploads\/2013\/08\/IMG_3662_k-150x150.jpg\" class=\"attachment-thumbnail size-thumbnail\" alt=\"\" \/><\/a>\n\t\t\t<\/div><\/figure><figure class='gallery-item'>\n\t\t\t<div class='gallery-icon landscape'>\n\t\t\t\t<a href='https:\/\/tt-camp.eu\/wp-content\/uploads\/2013\/08\/2013_ST-KEMP_II_042_k.jpg'><img loading=\"lazy\" decoding=\"async\" width=\"150\" height=\"150\" src=\"https:\/\/tt-camp.eu\/wp-content\/uploads\/2013\/08\/2013_ST-KEMP_II_042_k-150x150.jpg\" class=\"attachment-thumbnail size-thumbnail\" alt=\"\" \/><\/a>\n\t\t\t<\/div><\/figure><figure class='gallery-item'>\n\t\t\t<div class='gallery-icon landscape'>\n\t\t\t\t<a href='https:\/\/tt-camp.eu\/wp-content\/uploads\/2013\/08\/2013_ST-KEMP_II_188_k.jpg'><img loading=\"lazy\" decoding=\"async\" width=\"150\" height=\"150\" src=\"https:\/\/tt-camp.eu\/wp-content\/uploads\/2013\/08\/2013_ST-KEMP_II_188_k-150x150.jpg\" class=\"attachment-thumbnail size-thumbnail\" alt=\"\" \/><\/a>\n\t\t\t<\/div><\/figure><figure class='gallery-item'>\n\t\t\t<div class='gallery-icon landscape'>\n\t\t\t\t<a href='https:\/\/tt-camp.eu\/wp-content\/uploads\/2013\/08\/2013_ST-KEMP_II_065_k.jpg'><img loading=\"lazy\" decoding=\"async\" width=\"150\" height=\"150\" src=\"https:\/\/tt-camp.eu\/wp-content\/uploads\/2013\/08\/2013_ST-KEMP_II_065_k-150x150.jpg\" class=\"attachment-thumbnail size-thumbnail\" alt=\"\" \/><\/a>\n\t\t\t<\/div><\/figure><figure class='gallery-item'>\n\t\t\t<div class='gallery-icon landscape'>\n\t\t\t\t<a href='https:\/\/tt-camp.eu\/wp-content\/uploads\/2013\/08\/2013_ST-KEMP_II_064_k.jpg'><img loading=\"lazy\" decoding=\"async\" width=\"150\" height=\"150\" src=\"https:\/\/tt-camp.eu\/wp-content\/uploads\/2013\/08\/2013_ST-KEMP_II_064_k-150x150.jpg\" class=\"attachment-thumbnail size-thumbnail\" alt=\"\" \/><\/a>\n\t\t\t<\/div><\/figure><figure class='gallery-item'>\n\t\t\t<div class='gallery-icon landscape'>\n\t\t\t\t<a href='https:\/\/tt-camp.eu\/wp-content\/uploads\/2013\/08\/2013_ST-KEMP_II_029_k.jpg'><img loading=\"lazy\" decoding=\"async\" width=\"150\" height=\"150\" src=\"https:\/\/tt-camp.eu\/wp-content\/uploads\/2013\/08\/2013_ST-KEMP_II_029_k-150x150.jpg\" class=\"attachment-thumbnail size-thumbnail\" alt=\"\" \/><\/a>\n\t\t\t<\/div><\/figure><figure class='gallery-item'>\n\t\t\t<div class='gallery-icon landscape'>\n\t\t\t\t<a href='https:\/\/tt-camp.eu\/wp-content\/uploads\/2013\/08\/2013_ST-KEMP_IV_034_k.jpg'><img loading=\"lazy\" decoding=\"async\" width=\"150\" height=\"150\" src=\"https:\/\/tt-camp.eu\/wp-content\/uploads\/2013\/08\/2013_ST-KEMP_IV_034_k-150x150.jpg\" class=\"attachment-thumbnail size-thumbnail\" alt=\"\" \/><\/a>\n\t\t\t<\/div><\/figure><figure class='gallery-item'>\n\t\t\t<div class='gallery-icon portrait'>\n\t\t\t\t<a href='https:\/\/tt-camp.eu\/wp-content\/uploads\/2014\/01\/IMG_0470_cr_k.jpg'><img loading=\"lazy\" decoding=\"async\" width=\"150\" height=\"150\" src=\"https:\/\/tt-camp.eu\/wp-content\/uploads\/2014\/01\/IMG_0470_cr_k-150x150.jpg\" class=\"attachment-thumbnail size-thumbnail\" alt=\"\" \/><\/a>\n\t\t\t<\/div><\/figure><figure class='gallery-item'>\n\t\t\t<div class='gallery-icon landscape'>\n\t\t\t\t<a href='https:\/\/tt-camp.eu\/wp-content\/uploads\/2014\/01\/IMG_0471_cr_k.jpg'><img loading=\"lazy\" decoding=\"async\" width=\"150\" height=\"150\" src=\"https:\/\/tt-camp.eu\/wp-content\/uploads\/2014\/01\/IMG_0471_cr_k-150x150.jpg\" class=\"attachment-thumbnail size-thumbnail\" alt=\"\" \/><\/a>\n\t\t\t<\/div><\/figure><figure class='gallery-item'>\n\t\t\t<div class='gallery-icon portrait'>\n\t\t\t\t<a href='https:\/\/tt-camp.eu\/wp-content\/uploads\/2013\/08\/IMG_3399_k.jpg'><img loading=\"lazy\" decoding=\"async\" width=\"150\" height=\"150\" src=\"https:\/\/tt-camp.eu\/wp-content\/uploads\/2013\/08\/IMG_3399_k-150x150.jpg\" class=\"attachment-thumbnail size-thumbnail\" alt=\"\" \/><\/a>\n\t\t\t<\/div><\/figure><figure class='gallery-item'>\n\t\t\t<div class='gallery-icon portrait'>\n\t\t\t\t<a href='https:\/\/tt-camp.eu\/wp-content\/uploads\/2014\/08\/IMG_4818_k.jpg'><img loading=\"lazy\" decoding=\"async\" width=\"150\" height=\"150\" src=\"https:\/\/tt-camp.eu\/wp-content\/uploads\/2014\/08\/IMG_4818_k-150x150.jpg\" class=\"attachment-thumbnail size-thumbnail\" alt=\"\" \/><\/a>\n\t\t\t<\/div><\/figure><figure class='gallery-item'>\n\t\t\t<div class='gallery-icon landscape'>\n\t\t\t\t<a href='https:\/\/tt-camp.eu\/wp-content\/uploads\/2014\/07\/IMG_0391_k.jpg'><img loading=\"lazy\" decoding=\"async\" width=\"150\" height=\"150\" src=\"https:\/\/tt-camp.eu\/wp-content\/uploads\/2014\/07\/IMG_0391_k-150x150.jpg\" class=\"attachment-thumbnail size-thumbnail\" alt=\"\" \/><\/a>\n\t\t\t<\/div><\/figure><figure class='gallery-item'>\n\t\t\t<div class='gallery-icon landscape'>\n\t\t\t\t<a href='https:\/\/tt-camp.eu\/wp-content\/uploads\/2014\/07\/IMG_0389_k.jpg'><img loading=\"lazy\" decoding=\"async\" width=\"150\" height=\"150\" src=\"https:\/\/tt-camp.eu\/wp-content\/uploads\/2014\/07\/IMG_0389_k-150x150.jpg\" class=\"attachment-thumbnail size-thumbnail\" alt=\"\" \/><\/a>\n\t\t\t<\/div><\/figure><figure class='gallery-item'>\n\t\t\t<div class='gallery-icon landscape'>\n\t\t\t\t<a href='https:\/\/tt-camp.eu\/wp-content\/uploads\/2014\/08\/2012-07-27-17.59.03_k.jpg'><img loading=\"lazy\" decoding=\"async\" width=\"150\" height=\"150\" src=\"https:\/\/tt-camp.eu\/wp-content\/uploads\/2014\/08\/2012-07-27-17.59.03_k-150x150.jpg\" class=\"attachment-thumbnail size-thumbnail\" alt=\"\" \/><\/a>\n\t\t\t<\/div><\/figure><figure class='gallery-item'>\n\t\t\t<div class='gallery-icon landscape'>\n\t\t\t\t<a href='https:\/\/tt-camp.eu\/wp-content\/uploads\/2014\/11\/IMG_0367_k_cr.jpg'><img loading=\"lazy\" decoding=\"async\" width=\"150\" height=\"150\" src=\"https:\/\/tt-camp.eu\/wp-content\/uploads\/2014\/11\/IMG_0367_k_cr-150x150.jpg\" class=\"attachment-thumbnail size-thumbnail\" alt=\"\" \/><\/a>\n\t\t\t<\/div><\/figure><figure class='gallery-item'>\n\t\t\t<div class='gallery-icon landscape'>\n\t\t\t\t<a href='https:\/\/tt-camp.eu\/wp-content\/uploads\/2013\/08\/2013_ST-KEMP_II_010_k.jpg'><img loading=\"lazy\" decoding=\"async\" width=\"150\" height=\"150\" src=\"https:\/\/tt-camp.eu\/wp-content\/uploads\/2013\/08\/2013_ST-KEMP_II_010_k-150x150.jpg\" class=\"attachment-thumbnail size-thumbnail\" alt=\"\" \/><\/a>\n\t\t\t<\/div><\/figure><figure class='gallery-item'>\n\t\t\t<div class='gallery-icon portrait'>\n\t\t\t\t<a href='https:\/\/tt-camp.eu\/wp-content\/uploads\/2014\/07\/IMG_7975_k-e1593893109800.jpg'><img loading=\"lazy\" decoding=\"async\" width=\"150\" height=\"150\" src=\"https:\/\/tt-camp.eu\/wp-content\/uploads\/2014\/07\/IMG_7975_k-e1593893109800-150x150.jpg\" class=\"attachment-thumbnail size-thumbnail\" alt=\"\" \/><\/a>\n\t\t\t<\/div><\/figure><figure class='gallery-item'>\n\t\t\t<div class='gallery-icon landscape'>\n\t\t\t\t<a href='https:\/\/tt-camp.eu\/wp-content\/uploads\/2013\/08\/2013_ST-KEMP_II_217_k.jpg'><img loading=\"lazy\" decoding=\"async\" width=\"150\" height=\"150\" src=\"https:\/\/tt-camp.eu\/wp-content\/uploads\/2013\/08\/2013_ST-KEMP_II_217_k-150x150.jpg\" class=\"attachment-thumbnail size-thumbnail\" alt=\"\" \/><\/a>\n\t\t\t<\/div><\/figure><figure class='gallery-item'>\n\t\t\t<div class='gallery-icon landscape'>\n\t\t\t\t<a href='https:\/\/tt-camp.eu\/wp-content\/uploads\/2014\/07\/IMG_7421_k.jpg'><img loading=\"lazy\" decoding=\"async\" width=\"150\" height=\"150\" src=\"https:\/\/tt-camp.eu\/wp-content\/uploads\/2014\/07\/IMG_7421_k-150x150.jpg\" class=\"attachment-thumbnail size-thumbnail\" alt=\"\" \/><\/a>\n\t\t\t<\/div><\/figure><figure class='gallery-item'>\n\t\t\t<div class='gallery-icon landscape'>\n\t\t\t\t<a href='https:\/\/tt-camp.eu\/wp-content\/uploads\/2014\/08\/IMG_4820_k.jpg'><img loading=\"lazy\" decoding=\"async\" width=\"150\" height=\"150\" src=\"https:\/\/tt-camp.eu\/wp-content\/uploads\/2014\/08\/IMG_4820_k-150x150.jpg\" class=\"attachment-thumbnail size-thumbnail\" alt=\"\" \/><\/a>\n\t\t\t<\/div><\/figure><figure class='gallery-item'>\n\t\t\t<div class='gallery-icon landscape'>\n\t\t\t\t<a href='https:\/\/tt-camp.eu\/wp-content\/uploads\/2014\/08\/IMG_4833_k.jpg'><img loading=\"lazy\" decoding=\"async\" width=\"150\" height=\"150\" src=\"https:\/\/tt-camp.eu\/wp-content\/uploads\/2014\/08\/IMG_4833_k-150x150.jpg\" class=\"attachment-thumbnail size-thumbnail\" alt=\"\" \/><\/a>\n\t\t\t<\/div><\/figure><figure class='gallery-item'>\n\t\t\t<div class='gallery-icon landscape'>\n\t\t\t\t<a href='https:\/\/tt-camp.eu\/wp-content\/uploads\/2013\/08\/2013_ST-KEMP_IV_128_k.jpg'><img loading=\"lazy\" decoding=\"async\" width=\"150\" height=\"150\" src=\"https:\/\/tt-camp.eu\/wp-content\/uploads\/2013\/08\/2013_ST-KEMP_IV_128_k-150x150.jpg\" class=\"attachment-thumbnail size-thumbnail\" alt=\"\" \/><\/a>\n\t\t\t<\/div><\/figure><figure class='gallery-item'>\n\t\t\t<div class='gallery-icon landscape'>\n\t\t\t\t<a href='https:\/\/tt-camp.eu\/wp-content\/uploads\/2013\/08\/2013_ST-KEMP_IV_103_k.jpg'><img loading=\"lazy\" decoding=\"async\" width=\"150\" height=\"150\" src=\"https:\/\/tt-camp.eu\/wp-content\/uploads\/2013\/08\/2013_ST-KEMP_IV_103_k-150x150.jpg\" class=\"attachment-thumbnail size-thumbnail\" alt=\"\" \/><\/a>\n\t\t\t<\/div><\/figure><figure class='gallery-item'>\n\t\t\t<div class='gallery-icon landscape'>\n\t\t\t\t<a href='https:\/\/tt-camp.eu\/wp-content\/uploads\/2013\/08\/2013_ST-KEMP_IV_107_k.jpg'><img loading=\"lazy\" decoding=\"async\" width=\"150\" height=\"150\" src=\"https:\/\/tt-camp.eu\/wp-content\/uploads\/2013\/08\/2013_ST-KEMP_IV_107_k-150x150.jpg\" class=\"attachment-thumbnail size-thumbnail\" alt=\"\" \/><\/a>\n\t\t\t<\/div><\/figure><figure class='gallery-item'>\n\t\t\t<div class='gallery-icon landscape'>\n\t\t\t\t<a href='https:\/\/tt-camp.eu\/wp-content\/uploads\/2013\/08\/2013_ST-KEMP_IV_101_k.jpg'><img loading=\"lazy\" decoding=\"async\" width=\"150\" height=\"150\" src=\"https:\/\/tt-camp.eu\/wp-content\/uploads\/2013\/08\/2013_ST-KEMP_IV_101_k-150x150.jpg\" class=\"attachment-thumbnail size-thumbnail\" alt=\"\" \/><\/a>\n\t\t\t<\/div><\/figure>\n\t\t<\/div>\n\n","protected":false},"excerpt":{"rendered":"<p>Professionelle Tischtennis-Camps und Urlaub in Tschechien Sommerkurse 2026 20.07. &#8211; 25.07.2026 ausgebucht 27.07. &#8211; 01.08.2026 03.08. &#8211; 08.08.2026 ausgebucht Preise 419,- EUR (DZ\/VP) 489,- EUR (EZ\/VP) (inkl. Training, Fitnessbereich, Mineralwasser beim Training) 309,- EUR (DZ\/VP) (ohne Training, mit Fitnessbereich) Reservierung Du m\u00f6chtest Dich intensiv mit <a class=\"more-link\" href=\"https:\/\/tt-camp.eu\/\"><span class=\"screen-reader-text\">  Home<\/span> weiterlesen<span class=\"meta-nav\">&rarr;<\/span><\/a><\/p>\n","protected":false},"author":4,"featured_media":0,"parent":0,"menu_order":0,"comment_status":"closed","ping_status":"closed","template":"page-fullwidth.php","meta":{"footnotes":""},"class_list":["post-7","page","type-page","status-publish","hentry"],"_links":{"self":[{"href":"https:\/\/tt-camp.eu\/index.php?rest_route=\/wp\/v2\/pages\/7","targetHints":{"allow":["GET"]}}],"collection":[{"href":"https:\/\/tt-camp.eu\/index.php?rest_route=\/wp\/v2\/pages"}],"about":[{"href":"https:\/\/tt-camp.eu\/index.php?rest_route=\/wp\/v2\/types\/page"}],"author":[{"embeddable":true,"href":"https:\/\/tt-camp.eu\/index.php?rest_route=\/wp\/v2\/users\/4"}],"replies":[{"embeddable":true,"href":"https:\/\/tt-camp.eu\/index.php?rest_route=%2Fwp%2Fv2%2Fcomments&post=7"}],"version-history":[{"count":581,"href":"https:\/\/tt-camp.eu\/index.php?rest_route=\/wp\/v2\/pages\/7\/revisions"}],"predecessor-version":[{"id":6225,"href":"https:\/\/tt-camp.eu\/index.php?rest_route=\/wp\/v2\/pages\/7\/revisions\/6225"}],"wp:attachment":[{"href":"https:\/\/tt-camp.eu\/index.php?rest_route=%2Fwp%2Fv2%2Fmedia&parent=7"}],"curies":[{"name":"wp","href":"https:\/\/api.w.org\/{rel}","templated":true}]}}