{"id":6041,"date":"2024-08-12T20:33:36","date_gmt":"2024-08-12T18:33:36","guid":{"rendered":"https:\/\/tt-camp.eu\/?page_id=6041"},"modified":"2024-08-12T20:51:35","modified_gmt":"2024-08-12T18:51:35","slug":"2024-3","status":"publish","type":"page","link":"https:\/\/tt-camp.eu\/?page_id=6041","title":{"rendered":"2024.3"},"content":{"rendered":"<h1>2024 &#8211; Kurs drei<\/h1>\n<p>Und ein komplett ausverkaufter Sommerkurs mit viel Spa\u00df und Schwei\u00df. Fotos: Curt Sch\u00f6nfeld. Trainerteam: Veronika, Curti, Kamil und Natalie.<\/p>\n<h1><div id='gallery-1' class='gallery galleryid-6041 gallery-columns-5 gallery-size-thumbnail'><figure class='gallery-item'>\n\t\t\t<div class='gallery-icon landscape'>\n\t\t\t\t<a href='https:\/\/tt-camp.eu\/wp-content\/uploads\/2024\/08\/tt-camp24.3_1Guppenfoto_k-3.jpg'><img loading=\"lazy\" decoding=\"async\" width=\"150\" height=\"150\" src=\"https:\/\/tt-camp.eu\/wp-content\/uploads\/2024\/08\/tt-camp24.3_1Guppenfoto_k-3-150x150.jpg\" class=\"attachment-thumbnail size-thumbnail\" alt=\"\" \/><\/a>\n\t\t\t<\/div><\/figure><figure class='gallery-item'>\n\t\t\t<div class='gallery-icon landscape'>\n\t\t\t\t<a href='https:\/\/tt-camp.eu\/wp-content\/uploads\/2024\/08\/tt-camp24.3_22.43.17_k-3.jpg'><img loading=\"lazy\" decoding=\"async\" width=\"150\" height=\"150\" src=\"https:\/\/tt-camp.eu\/wp-content\/uploads\/2024\/08\/tt-camp24.3_22.43.17_k-3-150x150.jpg\" class=\"attachment-thumbnail size-thumbnail\" alt=\"\" \/><\/a>\n\t\t\t<\/div><\/figure><figure class='gallery-item'>\n\t\t\t<div class='gallery-icon landscape'>\n\t\t\t\t<a href='https:\/\/tt-camp.eu\/wp-content\/uploads\/2024\/08\/tt-camp24.3_22.43.26_k-3.jpg'><img loading=\"lazy\" decoding=\"async\" width=\"150\" height=\"150\" src=\"https:\/\/tt-camp.eu\/wp-content\/uploads\/2024\/08\/tt-camp24.3_22.43.26_k-3-150x150.jpg\" class=\"attachment-thumbnail size-thumbnail\" alt=\"\" \/><\/a>\n\t\t\t<\/div><\/figure><figure class='gallery-item'>\n\t\t\t<div class='gallery-icon landscape'>\n\t\t\t\t<a href='https:\/\/tt-camp.eu\/wp-content\/uploads\/2024\/08\/tt-camp24.3_22.43.35_k-3.jpg'><img loading=\"lazy\" decoding=\"async\" width=\"150\" height=\"150\" src=\"https:\/\/tt-camp.eu\/wp-content\/uploads\/2024\/08\/tt-camp24.3_22.43.35_k-3-150x150.jpg\" class=\"attachment-thumbnail size-thumbnail\" alt=\"\" \/><\/a>\n\t\t\t<\/div><\/figure><figure class='gallery-item'>\n\t\t\t<div class='gallery-icon landscape'>\n\t\t\t\t<a href='https:\/\/tt-camp.eu\/wp-content\/uploads\/2024\/08\/tt-camp24.3_22.50.54_k-3.jpg'><img loading=\"lazy\" decoding=\"async\" width=\"150\" height=\"150\" src=\"https:\/\/tt-camp.eu\/wp-content\/uploads\/2024\/08\/tt-camp24.3_22.50.54_k-3-150x150.jpg\" class=\"attachment-thumbnail size-thumbnail\" alt=\"\" \/><\/a>\n\t\t\t<\/div><\/figure><figure class='gallery-item'>\n\t\t\t<div class='gallery-icon landscape'>\n\t\t\t\t<a href='https:\/\/tt-camp.eu\/wp-content\/uploads\/2024\/08\/tt-camp24.3_25.19.04_k-3.jpg'><img loading=\"lazy\" decoding=\"async\" width=\"150\" height=\"150\" src=\"https:\/\/tt-camp.eu\/wp-content\/uploads\/2024\/08\/tt-camp24.3_25.19.04_k-3-150x150.jpg\" class=\"attachment-thumbnail size-thumbnail\" alt=\"\" \/><\/a>\n\t\t\t<\/div><\/figure><figure class='gallery-item'>\n\t\t\t<div class='gallery-icon landscape'>\n\t\t\t\t<a href='https:\/\/tt-camp.eu\/wp-content\/uploads\/2024\/08\/tt-camp24.3_25.19.05_k-3.jpg'><img loading=\"lazy\" decoding=\"async\" width=\"150\" height=\"150\" src=\"https:\/\/tt-camp.eu\/wp-content\/uploads\/2024\/08\/tt-camp24.3_25.19.05_k-3-150x150.jpg\" class=\"attachment-thumbnail size-thumbnail\" alt=\"\" \/><\/a>\n\t\t\t<\/div><\/figure><figure class='gallery-item'>\n\t\t\t<div class='gallery-icon landscape'>\n\t\t\t\t<a href='https:\/\/tt-camp.eu\/wp-content\/uploads\/2024\/08\/tt-camp24.3_26.02.58_k-3.jpg'><img loading=\"lazy\" decoding=\"async\" width=\"150\" height=\"150\" src=\"https:\/\/tt-camp.eu\/wp-content\/uploads\/2024\/08\/tt-camp24.3_26.02.58_k-3-150x150.jpg\" class=\"attachment-thumbnail size-thumbnail\" alt=\"\" \/><\/a>\n\t\t\t<\/div><\/figure><figure class='gallery-item'>\n\t\t\t<div class='gallery-icon landscape'>\n\t\t\t\t<a href='https:\/\/tt-camp.eu\/wp-content\/uploads\/2024\/08\/tt-camp24.3_27.52.43_k-3.jpg'><img loading=\"lazy\" decoding=\"async\" width=\"150\" height=\"150\" src=\"https:\/\/tt-camp.eu\/wp-content\/uploads\/2024\/08\/tt-camp24.3_27.52.43_k-3-150x150.jpg\" class=\"attachment-thumbnail size-thumbnail\" alt=\"\" \/><\/a>\n\t\t\t<\/div><\/figure><figure class='gallery-item'>\n\t\t\t<div class='gallery-icon portrait'>\n\t\t\t\t<a href='https:\/\/tt-camp.eu\/wp-content\/uploads\/2024\/08\/tt-camp24.3_27.53.59_k-3.jpg'><img loading=\"lazy\" decoding=\"async\" width=\"150\" height=\"150\" src=\"https:\/\/tt-camp.eu\/wp-content\/uploads\/2024\/08\/tt-camp24.3_27.53.59_k-3-150x150.jpg\" class=\"attachment-thumbnail size-thumbnail\" alt=\"\" \/><\/a>\n\t\t\t<\/div><\/figure><figure class='gallery-item'>\n\t\t\t<div class='gallery-icon landscape'>\n\t\t\t\t<a href='https:\/\/tt-camp.eu\/wp-content\/uploads\/2024\/08\/tt-camp24.3_27.56.27_k-3.jpg'><img loading=\"lazy\" decoding=\"async\" width=\"150\" height=\"150\" src=\"https:\/\/tt-camp.eu\/wp-content\/uploads\/2024\/08\/tt-camp24.3_27.56.27_k-3-150x150.jpg\" class=\"attachment-thumbnail size-thumbnail\" alt=\"\" \/><\/a>\n\t\t\t<\/div><\/figure><figure class='gallery-item'>\n\t\t\t<div class='gallery-icon portrait'>\n\t\t\t\t<a href='https:\/\/tt-camp.eu\/wp-content\/uploads\/2024\/08\/tt-camp24.3_27.57.27_k-3.jpg'><img loading=\"lazy\" decoding=\"async\" width=\"150\" height=\"150\" src=\"https:\/\/tt-camp.eu\/wp-content\/uploads\/2024\/08\/tt-camp24.3_27.57.27_k-3-150x150.jpg\" class=\"attachment-thumbnail size-thumbnail\" alt=\"\" \/><\/a>\n\t\t\t<\/div><\/figure>\n\t\t<\/div>\n<br \/>\n<\/h1>\n","protected":false},"excerpt":{"rendered":"<p>2024 &#8211; Kurs drei Und ein komplett ausverkaufter Sommerkurs mit viel Spa\u00df und Schwei\u00df. Fotos: Curt Sch\u00f6nfeld. Trainerteam: Veronika, Curti, Kamil und Natalie.<\/p>\n","protected":false},"author":2,"featured_media":0,"parent":603,"menu_order":941,"comment_status":"closed","ping_status":"closed","template":"page-fullwidth.php","meta":{"footnotes":""},"class_list":["post-6041","page","type-page","status-publish","hentry"],"_links":{"self":[{"href":"https:\/\/tt-camp.eu\/index.php?rest_route=\/wp\/v2\/pages\/6041","targetHints":{"allow":["GET"]}}],"collection":[{"href":"https:\/\/tt-camp.eu\/index.php?rest_route=\/wp\/v2\/pages"}],"about":[{"href":"https:\/\/tt-camp.eu\/index.php?rest_route=\/wp\/v2\/types\/page"}],"author":[{"embeddable":true,"href":"https:\/\/tt-camp.eu\/index.php?rest_route=\/wp\/v2\/users\/2"}],"replies":[{"embeddable":true,"href":"https:\/\/tt-camp.eu\/index.php?rest_route=%2Fwp%2Fv2%2Fcomments&post=6041"}],"version-history":[{"count":5,"href":"https:\/\/tt-camp.eu\/index.php?rest_route=\/wp\/v2\/pages\/6041\/revisions"}],"predecessor-version":[{"id":6094,"href":"https:\/\/tt-camp.eu\/index.php?rest_route=\/wp\/v2\/pages\/6041\/revisions\/6094"}],"up":[{"embeddable":true,"href":"https:\/\/tt-camp.eu\/index.php?rest_route=\/wp\/v2\/pages\/603"}],"wp:attachment":[{"href":"https:\/\/tt-camp.eu\/index.php?rest_route=%2Fwp%2Fv2%2Fmedia&parent=6041"}],"curies":[{"name":"wp","href":"https:\/\/api.w.org\/{rel}","templated":true}]}}