{"id":603,"date":"2013-08-09T16:09:48","date_gmt":"2013-08-09T14:09:48","guid":{"rendered":"http:\/\/tt-camp.eu\/?page_id=603"},"modified":"2024-11-12T21:16:58","modified_gmt":"2024-11-12T19:16:58","slug":"galerie-2","status":"publish","type":"page","link":"https:\/\/tt-camp.eu\/?page_id=603","title":{"rendered":"Galerie"},"content":{"rendered":"<h1>Ein Bild sagt mehr als 1000 Worte &#8230;<\/h1>\n<p><a href=\"http:\/\/tt-camp.eu\/wp-content\/uploads\/2013\/08\/IMG_4247_k.jpg\"><img decoding=\"async\" class=\"size-medium wp-image-246   alignright\" title=\"Campteilnehmer 2013.2\" alt=\"IMG_4247_k\" src=\"http:\/\/tt-camp.eu\/wp-content\/uploads\/2013\/08\/IMG_4247_k-300x200.jpg\" width=\"35%\" srcset=\"https:\/\/tt-camp.eu\/wp-content\/uploads\/2013\/08\/IMG_4247_k-300x200.jpg 300w, https:\/\/tt-camp.eu\/wp-content\/uploads\/2013\/08\/IMG_4247_k.jpg 900w\" sizes=\"(max-width: 300px) 100vw, 300px\" \/><\/a>&#8230; und mittlerweile haben wir sogar mehr als <strong>1000 Bilder<\/strong> in unserer Galerie. Aber wir finden, es k\u00f6nnen gar nicht genug sein. Denn den Spa\u00df beim Camp kann man sich auch nachher noch mit einem Blick in die Galerie f\u00fcr einen Moment wieder in Erinnerung rufen. Wir freuen uns also \u00fcber jedes Foto, das Ihr uns von einem unserer Camps zusenden k\u00f6nnt und teilen sie gern in unserer Galerie. Gleiches gilt auch f\u00fcr Eure Vereine: Wenn wir einen Link auf Euren Heimatverein setzen sollen, schickt uns einfach die Web-Adresse und ein Logo Eures Vereins. (<a href=\"#Link_Teilnehmer\">s. unten<\/a>)<br \/>\nAlles bitte per Mail an <a title=\"Mail an Natalie Horak\" href=\"mailto:info@tt-camp.eu\" target=\"_blank\" rel=\"noopener noreferrer\">info (at) tt-camp.eu<\/a>. <\/p>\n<p>Wir freuen uns nat\u00fcrlich auch, wenn Ihr von Eurer Vereinsseite auf tt-camp.eu zur\u00fcck verlinkt.<br \/>\nHier sind die <strong>Buttons<\/strong> zum Download (rechte Maustaste: Grafik speichern unter)<\/p>\n<div style=\"overflow:hidden;margin: -75px 0px auto;text-align:center;\">\ufeff<\/p>\n<div style=\"display:inline-block;align:center;margin:5px 50px 25px 50px;\">\n        <img decoding=\"async\" src=\"https:\/\/tt-camp.eu\/wp-content\/uploads\/2018\/07\/KempHodonin_Button_16_k.png\" width=\"150\"  \/>   <\/div>\n<div style=\"display:inline-block;align:center;margin:5px 50px 25px 50px;\">\n        <img decoding=\"async\" src=\"https:\/\/tt-camp.eu\/wp-content\/uploads\/2018\/07\/KempHodonin_Button_17_k.png\" width=\"150\"  \/>   <\/div>\n<\/div>\n<p>Unsere <strong>T-Shirts<\/strong> gibt es zum Sonderpreis<br \/>\nvon 12,90 EUR (grau), f\u00fcr 15,90 EUR (navy-lime) und f\u00fcr 19,90 EUR (schwarz-gr\u00fcn) direkt beim Camp.<\/p>\n<div style=\"overflow:hidden;margin:10px auto;text-align:center;\">\n<div style=\"display:inline-block;align:right;margin:5px 5px 25px 5px;\">\n       <img decoding=\"async\" src=\"https:\/\/tt-camp.eu\/wp-content\/uploads\/2018\/07\/KempHodonin_t-grey.jpg\" width=\"180\"  \/>   <\/div>\n<div style=\"display:inline-block;align:right;margin:5px 5px 25px 5px;\">\n        <img decoding=\"async\" src=\"https:\/\/tt-camp.eu\/wp-content\/uploads\/2019\/06\/KempHodonin_t-promo.jpg\" width=\"180\"  \/>   <\/div>\n<div style=\"display:inline-block;align:right;margin:5px 5px 25px 5px;\">\n        <img decoding=\"async\" src=\"https:\/\/tt-camp.eu\/wp-content\/uploads\/2019\/06\/KempHodonin_t-lucca.jpg\" width=\"180\"  \/>   <\/div>\n<\/div>\n<p><a name=\"Link_Gutschein\"\/a><\/p>\n<p><a href=\"https:\/\/tt-camp.eu\/wp-content\/uploads\/2024\/11\/Gutschein_KempHodonin2025_MAIL.jpg\"><img decoding=\"async\" class=\"size-medium wp-image-246   alignright\" title=\"Gutschein\" alt=\"Gutschein_KempHodonin2025_MAIL.jpg\" src=\"https:\/\/tt-camp.eu\/wp-content\/uploads\/2024\/11\/Gutschein_KempHodonin2025_MAIL.jpg\" width=\"35%\" \/><\/a>Wer einem Tischtennis-Freund oder einer Tischtennis-Freundin oder den eigenen Kindern ein Geschenk machen m\u00f6chte, kann auch einen <strong>Gutschein<\/strong> f\u00fcr unsere Camps verschenken. Einfach eine Mail an <a title=\"Mail an Natalie Horak\" href=\"mailto:info@tt-camp.eu\" target=\"_blank\" rel=\"noopener noreferrer\">info (at) tt-camp.eu<\/a> schicken oder \u00fcber das <a href=\"http:\/\/tt-camp.eu\/?page_id=102\">Reservierungsformular<\/a> mit dem Hinweis &#8222;Gutschein&#8220; nachfragen. Den Gutschein gibt es dann ganz unkompliziert als Datei zum Ausdrucken und er wird g\u00fcltig mit einem Code, den es nach dem Bezahlen gibt.<\/p>\n<p>Einige <strong>Vereine<\/strong> unserer Teilnehmer sind hier verlinkt:<br \/>\n<a name=\"Link_Teilnehmer\"\/a><\/p>\n<div style=\"overflow:hidden;margin:10px auto;text-align:center;\">\n<div style=\"display:inline-block;text-align:center;margin:5px 10px 25px 10px;\">\n        <a href=\"http:\/\/www.atsv-badaussee.at\/tischtennis\/\" target=\"_blank\" rel=\"noopener noreferrer\"><img loading=\"lazy\" decoding=\"async\" src=\"http:\/\/tt-camp.eu\/wp-content\/uploads\/2014\/09\/atsv-bad-aussee.jpg\" width=\"120\" height=\"120\" \/><\/a><br \/>\n        ATSV Bad Aussee\n    <\/div>\n<div style=\"display:inline-block;text-align:center;margin:5px 10px 25px 10px;\">\n        <a href=\"https:\/\/tischtennis.osc-berlin.de\/\" target=\"_blank\" rel=\"noopener noreferrer\"><img loading=\"lazy\" decoding=\"async\" src=\"https:\/\/tt-camp.eu\/wp-content\/uploads\/2019\/08\/osc_logo_final2.jpg\" width=\"120\" height=\"120\" \/><\/a><br \/>\n        OSC Berlin\n    <\/div>\n<div style=\"display:inline-block;text-align:center;margin:5px 10px 25px 10px;\">\n        <a href=\"http:\/\/ttcswbregenz.jimdo.com\/\" target=\"_blank\" rel=\"noopener noreferrer\"><img loading=\"lazy\" decoding=\"async\" src=\"http:\/\/tt-camp.eu\/wp-content\/uploads\/2014\/09\/TTC-SW-Bregenz.jpg\" width=\"130\" height=\"130\" \/><\/a><br \/>\n        TTC SW Bregenz\n    <\/div>\n<div style=\"display:inline-block;text-align:center;margin:5px 10px 25px 10px;\">\n        <a href=\"http:\/\/skst-celoznice.cz\/\" target=\"_blank\" rel=\"noopener noreferrer\"><img loading=\"lazy\" decoding=\"async\" src=\"http:\/\/tt-camp.eu\/wp-content\/uploads\/2014\/09\/logo-skst.png\" width=\"110\" height=\"110\" \/><\/a><br \/>\n        SKST \u010celo\u017enice\n    <\/div>\n<div style=\"display:inline-block;text-align:center;margin:5px 10px 25px 10px;\">\n        <a href=\"http:\/\/www.skst-dubnany.cz\/\" target=\"_blank\" rel=\"noopener noreferrer\"><img loading=\"lazy\" decoding=\"async\" src=\"http:\/\/tt-camp.eu\/wp-content\/uploads\/2014\/09\/236px-Dubn\u030cany.svg_.png\" width=\"130\" height=\"130\" \/><\/a><br \/>\n        SKST Dub\u0148any\n    <\/div>\n<div style=\"display:inline-block;text-align:center;margin:5px 10px 25px 10px;\">\n        <a href=\"http:\/\/www.tsv-engensen.de\/tischtennis.htm\" target=\"_blank\" rel=\"noopener noreferrer\"><img loading=\"lazy\" decoding=\"async\" src=\"http:\/\/tt-camp.eu\/wp-content\/uploads\/2014\/09\/tsv-engensen.png\" width=\"110\" height=\"120\" \/><\/a><br \/>\n        TSV Engensen\n    <\/div>\n<div style=\"display:inline-block;text-align:center;margin:5px 10px 25px 10px;\">\n        <a href=\"http:\/\/ttkg.de\" target=\"_blank\" rel=\"noopener noreferrer\"><img loading=\"lazy\" decoding=\"async\" src=\"http:\/\/tt-camp.eu\/wp-content\/uploads\/2014\/09\/TTKG_Logo_RGB.jpg\" width=\"125\" height=\"125\" \/><\/a><br \/>\n        TTK Gro\u00dfburgwedel\n    <\/div>\n<div style=\"display:inline-block;text-align:center;margin:5px 10px 25px 10px;\">\n        <a href=\"https:\/\/www.mtv-herrenhausen.de\" target=\"_blank\" rel=\"noopener noreferrer\"><img loading=\"lazy\" decoding=\"async\" src=\"http:\/\/tt-camp.eu\/wp-content\/uploads\/2014\/09\/MTV_Logo_Times_RGB_k.jpg\" width=\"100\" height=\"100\" \/><\/a><br \/>\n        MTV Herrenhausen\n    <\/div>\n<div style=\"display:inline-block;text-align:center;margin:5px 10px 25px 10px;\">\n        <a href=\"http:\/\/lok-potsdam-tischtennis.de\/\" target=\"_blank\" rel=\"noopener noreferrer\"><img loading=\"lazy\" decoding=\"async\" src=\"http:\/\/tt-camp.eu\/wp-content\/uploads\/2015\/12\/ESV-Lokomotive-Potsdam.jpg\" width=\"110\" height=\"110\" \/><\/a><br \/>\n        ESV Lokomotive Potsdam\n    <\/div>\n<div style=\"display:inline-block;text-align:center;margin:5px 10px 25px 10px;\">\n        <a href=\"http:\/\/www.skbanikratiskovice.cz\/stolni-tenis\/\" target=\"_blank\" rel=\"noopener noreferrer\"><img decoding=\"async\" src=\"http:\/\/tt-camp.eu\/wp-content\/uploads\/2014\/09\/Banik-Ratiskovice.png\" width=\"130\"  \/><\/a><br \/>\nSK Ban\u00edk Rat\u00ed\u0161kovice\n    <\/div>\n<div style=\"display:inline-block;text-align:center;margin:5px 10px 25px 10px;\">\n        <a href=\"http:\/\/www.pinec-rohatec.estranky.cz\/\" target=\"_blank\" rel=\"noopener noreferrer\"><img loading=\"lazy\" decoding=\"async\" src=\"http:\/\/tt-camp.eu\/wp-content\/uploads\/2014\/09\/Rohatec_CoA_CZ.jpg\" width=\"110\" height=\"110\" \/><\/a><br \/>\n        SKST Rohatec\n    <\/div>\n<\/div>\n","protected":false},"excerpt":{"rendered":"<p>Ein Bild sagt mehr als 1000 Worte &#8230; &#8230; und mittlerweile haben wir sogar mehr als 1000 Bilder in unserer Galerie. Aber wir finden, es k\u00f6nnen gar nicht genug sein. Denn den Spa\u00df beim Camp kann man sich auch nachher noch mit einem Blick in <a class=\"more-link\" href=\"https:\/\/tt-camp.eu\/?page_id=603\"><span class=\"screen-reader-text\">  Galerie<\/span> weiterlesen<span class=\"meta-nav\">&rarr;<\/span><\/a><\/p>\n","protected":false},"author":2,"featured_media":0,"parent":0,"menu_order":6,"comment_status":"closed","ping_status":"closed","template":"page-fullwidth.php","meta":{"footnotes":""},"class_list":["post-603","page","type-page","status-publish","hentry"],"_links":{"self":[{"href":"https:\/\/tt-camp.eu\/index.php?rest_route=\/wp\/v2\/pages\/603","targetHints":{"allow":["GET"]}}],"collection":[{"href":"https:\/\/tt-camp.eu\/index.php?rest_route=\/wp\/v2\/pages"}],"about":[{"href":"https:\/\/tt-camp.eu\/index.php?rest_route=\/wp\/v2\/types\/page"}],"author":[{"embeddable":true,"href":"https:\/\/tt-camp.eu\/index.php?rest_route=\/wp\/v2\/users\/2"}],"replies":[{"embeddable":true,"href":"https:\/\/tt-camp.eu\/index.php?rest_route=%2Fwp%2Fv2%2Fcomments&post=603"}],"version-history":[{"count":170,"href":"https:\/\/tt-camp.eu\/index.php?rest_route=\/wp\/v2\/pages\/603\/revisions"}],"predecessor-version":[{"id":6137,"href":"https:\/\/tt-camp.eu\/index.php?rest_route=\/wp\/v2\/pages\/603\/revisions\/6137"}],"wp:attachment":[{"href":"https:\/\/tt-camp.eu\/index.php?rest_route=%2Fwp%2Fv2%2Fmedia&parent=603"}],"curies":[{"name":"wp","href":"https:\/\/api.w.org\/{rel}","templated":true}]}}