{"id":4081,"date":"2019-08-27T15:52:09","date_gmt":"2019-08-27T13:52:09","guid":{"rendered":"https:\/\/tt-camp.eu\/?page_id=4081"},"modified":"2019-09-05T20:54:22","modified_gmt":"2019-09-05T18:54:22","slug":"2019-6","status":"publish","type":"page","link":"https:\/\/tt-camp.eu\/?page_id=4081","title":{"rendered":"2019.6"},"content":{"rendered":"<h1>2019 &#8211; Kurs sechs<\/h1>\n<p>Mit Curti und Janusz (den &#8222;Materialspezies&#8220;)<br \/>\n&#8230; und einigen Fotos unserer Wiener Freunde <\/p>\n<h1><div id='gallery-1' class='gallery galleryid-4081 gallery-columns-5 gallery-size-thumbnail'><figure class='gallery-item'>\n\t\t\t<div class='gallery-icon landscape'>\n\t\t\t\t<a href='https:\/\/tt-camp.eu\/wp-content\/uploads\/2019\/08\/DSC02177_k.jpg'><img loading=\"lazy\" decoding=\"async\" width=\"150\" height=\"150\" src=\"https:\/\/tt-camp.eu\/wp-content\/uploads\/2019\/08\/DSC02177_k-150x150.jpg\" class=\"attachment-thumbnail size-thumbnail\" alt=\"\" \/><\/a>\n\t\t\t<\/div><\/figure><figure class='gallery-item'>\n\t\t\t<div class='gallery-icon landscape'>\n\t\t\t\t<a href='https:\/\/tt-camp.eu\/wp-content\/uploads\/2019\/08\/DSC02213_k.jpg'><img loading=\"lazy\" decoding=\"async\" width=\"150\" height=\"150\" src=\"https:\/\/tt-camp.eu\/wp-content\/uploads\/2019\/08\/DSC02213_k-150x150.jpg\" class=\"attachment-thumbnail size-thumbnail\" alt=\"\" \/><\/a>\n\t\t\t<\/div><\/figure><figure class='gallery-item'>\n\t\t\t<div class='gallery-icon landscape'>\n\t\t\t\t<a href='https:\/\/tt-camp.eu\/wp-content\/uploads\/2019\/08\/DSC02218_k.jpg'><img loading=\"lazy\" decoding=\"async\" width=\"150\" height=\"150\" src=\"https:\/\/tt-camp.eu\/wp-content\/uploads\/2019\/08\/DSC02218_k-150x150.jpg\" class=\"attachment-thumbnail size-thumbnail\" alt=\"\" \/><\/a>\n\t\t\t<\/div><\/figure><figure class='gallery-item'>\n\t\t\t<div class='gallery-icon landscape'>\n\t\t\t\t<a href='https:\/\/tt-camp.eu\/wp-content\/uploads\/2019\/08\/DSC02219_k.jpg'><img loading=\"lazy\" decoding=\"async\" width=\"150\" height=\"150\" src=\"https:\/\/tt-camp.eu\/wp-content\/uploads\/2019\/08\/DSC02219_k-150x150.jpg\" class=\"attachment-thumbnail size-thumbnail\" alt=\"\" \/><\/a>\n\t\t\t<\/div><\/figure><figure class='gallery-item'>\n\t\t\t<div class='gallery-icon landscape'>\n\t\t\t\t<a href='https:\/\/tt-camp.eu\/wp-content\/uploads\/2019\/08\/DSC02225_k.jpg'><img loading=\"lazy\" decoding=\"async\" width=\"150\" height=\"150\" src=\"https:\/\/tt-camp.eu\/wp-content\/uploads\/2019\/08\/DSC02225_k-150x150.jpg\" class=\"attachment-thumbnail size-thumbnail\" alt=\"\" \/><\/a>\n\t\t\t<\/div><\/figure><figure class='gallery-item'>\n\t\t\t<div class='gallery-icon landscape'>\n\t\t\t\t<a href='https:\/\/tt-camp.eu\/wp-content\/uploads\/2019\/08\/DSC02241_k.jpg'><img loading=\"lazy\" decoding=\"async\" width=\"150\" height=\"150\" src=\"https:\/\/tt-camp.eu\/wp-content\/uploads\/2019\/08\/DSC02241_k-150x150.jpg\" class=\"attachment-thumbnail size-thumbnail\" alt=\"\" \/><\/a>\n\t\t\t<\/div><\/figure><figure class='gallery-item'>\n\t\t\t<div class='gallery-icon landscape'>\n\t\t\t\t<a href='https:\/\/tt-camp.eu\/wp-content\/uploads\/2019\/08\/DSC02245_k.jpg'><img loading=\"lazy\" decoding=\"async\" width=\"150\" height=\"150\" src=\"https:\/\/tt-camp.eu\/wp-content\/uploads\/2019\/08\/DSC02245_k-150x150.jpg\" class=\"attachment-thumbnail size-thumbnail\" alt=\"\" \/><\/a>\n\t\t\t<\/div><\/figure><figure class='gallery-item'>\n\t\t\t<div class='gallery-icon landscape'>\n\t\t\t\t<a href='https:\/\/tt-camp.eu\/wp-content\/uploads\/2019\/08\/DSC02259_k.jpg'><img loading=\"lazy\" decoding=\"async\" width=\"150\" height=\"150\" src=\"https:\/\/tt-camp.eu\/wp-content\/uploads\/2019\/08\/DSC02259_k-150x150.jpg\" class=\"attachment-thumbnail size-thumbnail\" alt=\"\" \/><\/a>\n\t\t\t<\/div><\/figure><figure class='gallery-item'>\n\t\t\t<div class='gallery-icon landscape'>\n\t\t\t\t<a href='https:\/\/tt-camp.eu\/wp-content\/uploads\/2019\/08\/DSC02265_k.jpg'><img loading=\"lazy\" decoding=\"async\" width=\"150\" height=\"150\" src=\"https:\/\/tt-camp.eu\/wp-content\/uploads\/2019\/08\/DSC02265_k-150x150.jpg\" class=\"attachment-thumbnail size-thumbnail\" alt=\"\" \/><\/a>\n\t\t\t<\/div><\/figure><figure class='gallery-item'>\n\t\t\t<div class='gallery-icon landscape'>\n\t\t\t\t<a href='https:\/\/tt-camp.eu\/wp-content\/uploads\/2019\/08\/DSC02267_k.jpg'><img loading=\"lazy\" decoding=\"async\" width=\"150\" height=\"150\" src=\"https:\/\/tt-camp.eu\/wp-content\/uploads\/2019\/08\/DSC02267_k-150x150.jpg\" class=\"attachment-thumbnail size-thumbnail\" alt=\"\" \/><\/a>\n\t\t\t<\/div><\/figure><figure class='gallery-item'>\n\t\t\t<div class='gallery-icon landscape'>\n\t\t\t\t<a href='https:\/\/tt-camp.eu\/wp-content\/uploads\/2019\/08\/DSC02271_k.jpg'><img loading=\"lazy\" decoding=\"async\" width=\"150\" height=\"150\" src=\"https:\/\/tt-camp.eu\/wp-content\/uploads\/2019\/08\/DSC02271_k-150x150.jpg\" class=\"attachment-thumbnail size-thumbnail\" alt=\"\" \/><\/a>\n\t\t\t<\/div><\/figure><figure class='gallery-item'>\n\t\t\t<div class='gallery-icon landscape'>\n\t\t\t\t<a href='https:\/\/tt-camp.eu\/wp-content\/uploads\/2019\/08\/DSC02272_k.jpg'><img loading=\"lazy\" decoding=\"async\" width=\"150\" height=\"150\" src=\"https:\/\/tt-camp.eu\/wp-content\/uploads\/2019\/08\/DSC02272_k-150x150.jpg\" class=\"attachment-thumbnail size-thumbnail\" alt=\"\" \/><\/a>\n\t\t\t<\/div><\/figure><figure class='gallery-item'>\n\t\t\t<div class='gallery-icon landscape'>\n\t\t\t\t<a href='https:\/\/tt-camp.eu\/wp-content\/uploads\/2019\/08\/DSC02274_k.jpg'><img loading=\"lazy\" decoding=\"async\" width=\"150\" height=\"150\" src=\"https:\/\/tt-camp.eu\/wp-content\/uploads\/2019\/08\/DSC02274_k-150x150.jpg\" class=\"attachment-thumbnail size-thumbnail\" alt=\"\" \/><\/a>\n\t\t\t<\/div><\/figure><figure class='gallery-item'>\n\t\t\t<div class='gallery-icon landscape'>\n\t\t\t\t<a href='https:\/\/tt-camp.eu\/wp-content\/uploads\/2019\/08\/DSC02276_k.jpg'><img loading=\"lazy\" decoding=\"async\" width=\"150\" height=\"150\" src=\"https:\/\/tt-camp.eu\/wp-content\/uploads\/2019\/08\/DSC02276_k-150x150.jpg\" class=\"attachment-thumbnail size-thumbnail\" alt=\"\" \/><\/a>\n\t\t\t<\/div><\/figure><figure class='gallery-item'>\n\t\t\t<div class='gallery-icon landscape'>\n\t\t\t\t<a href='https:\/\/tt-camp.eu\/wp-content\/uploads\/2019\/08\/DSC02277_k.jpg'><img loading=\"lazy\" decoding=\"async\" width=\"150\" height=\"150\" src=\"https:\/\/tt-camp.eu\/wp-content\/uploads\/2019\/08\/DSC02277_k-150x150.jpg\" class=\"attachment-thumbnail size-thumbnail\" alt=\"\" \/><\/a>\n\t\t\t<\/div><\/figure><figure class='gallery-item'>\n\t\t\t<div class='gallery-icon landscape'>\n\t\t\t\t<a href='https:\/\/tt-camp.eu\/wp-content\/uploads\/2019\/08\/DSC02280_k.jpg'><img loading=\"lazy\" decoding=\"async\" width=\"150\" height=\"150\" src=\"https:\/\/tt-camp.eu\/wp-content\/uploads\/2019\/08\/DSC02280_k-150x150.jpg\" class=\"attachment-thumbnail size-thumbnail\" alt=\"\" \/><\/a>\n\t\t\t<\/div><\/figure><figure class='gallery-item'>\n\t\t\t<div class='gallery-icon landscape'>\n\t\t\t\t<a href='https:\/\/tt-camp.eu\/wp-content\/uploads\/2019\/08\/DSC02291_k.jpg'><img loading=\"lazy\" decoding=\"async\" width=\"150\" height=\"150\" src=\"https:\/\/tt-camp.eu\/wp-content\/uploads\/2019\/08\/DSC02291_k-150x150.jpg\" class=\"attachment-thumbnail size-thumbnail\" alt=\"\" \/><\/a>\n\t\t\t<\/div><\/figure><figure class='gallery-item'>\n\t\t\t<div class='gallery-icon landscape'>\n\t\t\t\t<a href='https:\/\/tt-camp.eu\/wp-content\/uploads\/2019\/08\/DSC02295_k.jpg'><img loading=\"lazy\" decoding=\"async\" width=\"150\" height=\"150\" src=\"https:\/\/tt-camp.eu\/wp-content\/uploads\/2019\/08\/DSC02295_k-150x150.jpg\" class=\"attachment-thumbnail size-thumbnail\" alt=\"\" \/><\/a>\n\t\t\t<\/div><\/figure><figure class='gallery-item'>\n\t\t\t<div class='gallery-icon landscape'>\n\t\t\t\t<a href='https:\/\/tt-camp.eu\/wp-content\/uploads\/2019\/08\/DSC02299_k.jpg'><img loading=\"lazy\" decoding=\"async\" width=\"150\" height=\"150\" src=\"https:\/\/tt-camp.eu\/wp-content\/uploads\/2019\/08\/DSC02299_k-150x150.jpg\" class=\"attachment-thumbnail size-thumbnail\" alt=\"\" \/><\/a>\n\t\t\t<\/div><\/figure><figure class='gallery-item'>\n\t\t\t<div class='gallery-icon landscape'>\n\t\t\t\t<a href='https:\/\/tt-camp.eu\/wp-content\/uploads\/2019\/08\/DSC02303_k.jpg'><img loading=\"lazy\" decoding=\"async\" width=\"150\" height=\"150\" src=\"https:\/\/tt-camp.eu\/wp-content\/uploads\/2019\/08\/DSC02303_k-150x150.jpg\" class=\"attachment-thumbnail size-thumbnail\" alt=\"\" \/><\/a>\n\t\t\t<\/div><\/figure>\n\t\t<\/div>\n<\/h1>\n<p>Und mit Fotos von Arno Bergmann mit Bildern vom Camp &#8230;<\/p>\n<h1><div id='gallery-2' class='gallery galleryid-4081 gallery-columns-5 gallery-size-thumbnail'><figure class='gallery-item'>\n\t\t\t<div class='gallery-icon landscape'>\n\t\t\t\t<a href='https:\/\/tt-camp.eu\/wp-content\/uploads\/2019\/09\/DSC_3520_k.jpg'><img loading=\"lazy\" decoding=\"async\" width=\"150\" height=\"150\" src=\"https:\/\/tt-camp.eu\/wp-content\/uploads\/2019\/09\/DSC_3520_k-150x150.jpg\" class=\"attachment-thumbnail size-thumbnail\" alt=\"\" \/><\/a>\n\t\t\t<\/div><\/figure><figure class='gallery-item'>\n\t\t\t<div class='gallery-icon landscape'>\n\t\t\t\t<a href='https:\/\/tt-camp.eu\/wp-content\/uploads\/2019\/09\/DSC_3541_k.jpg'><img loading=\"lazy\" decoding=\"async\" width=\"150\" height=\"150\" src=\"https:\/\/tt-camp.eu\/wp-content\/uploads\/2019\/09\/DSC_3541_k-150x150.jpg\" class=\"attachment-thumbnail size-thumbnail\" alt=\"\" \/><\/a>\n\t\t\t<\/div><\/figure><figure class='gallery-item'>\n\t\t\t<div class='gallery-icon landscape'>\n\t\t\t\t<a href='https:\/\/tt-camp.eu\/wp-content\/uploads\/2019\/09\/DSC_3511_k.jpg'><img loading=\"lazy\" decoding=\"async\" width=\"150\" height=\"150\" src=\"https:\/\/tt-camp.eu\/wp-content\/uploads\/2019\/09\/DSC_3511_k-150x150.jpg\" class=\"attachment-thumbnail size-thumbnail\" alt=\"\" \/><\/a>\n\t\t\t<\/div><\/figure><figure class='gallery-item'>\n\t\t\t<div class='gallery-icon landscape'>\n\t\t\t\t<a href='https:\/\/tt-camp.eu\/wp-content\/uploads\/2019\/09\/DSC_3532_k.jpg'><img loading=\"lazy\" decoding=\"async\" width=\"150\" height=\"150\" src=\"https:\/\/tt-camp.eu\/wp-content\/uploads\/2019\/09\/DSC_3532_k-150x150.jpg\" class=\"attachment-thumbnail size-thumbnail\" alt=\"\" \/><\/a>\n\t\t\t<\/div><\/figure><figure class='gallery-item'>\n\t\t\t<div class='gallery-icon landscape'>\n\t\t\t\t<a href='https:\/\/tt-camp.eu\/wp-content\/uploads\/2019\/09\/DSC_3546_k.jpg'><img loading=\"lazy\" decoding=\"async\" width=\"150\" height=\"150\" src=\"https:\/\/tt-camp.eu\/wp-content\/uploads\/2019\/09\/DSC_3546_k-150x150.jpg\" class=\"attachment-thumbnail size-thumbnail\" alt=\"\" \/><\/a>\n\t\t\t<\/div><\/figure><figure class='gallery-item'>\n\t\t\t<div class='gallery-icon landscape'>\n\t\t\t\t<a href='https:\/\/tt-camp.eu\/wp-content\/uploads\/2019\/09\/DSC_3587_k.jpg'><img loading=\"lazy\" decoding=\"async\" width=\"150\" height=\"150\" src=\"https:\/\/tt-camp.eu\/wp-content\/uploads\/2019\/09\/DSC_3587_k-150x150.jpg\" class=\"attachment-thumbnail size-thumbnail\" alt=\"\" \/><\/a>\n\t\t\t<\/div><\/figure><figure class='gallery-item'>\n\t\t\t<div class='gallery-icon landscape'>\n\t\t\t\t<a href='https:\/\/tt-camp.eu\/wp-content\/uploads\/2019\/09\/DSC_3561_k.jpg'><img loading=\"lazy\" decoding=\"async\" width=\"150\" height=\"150\" src=\"https:\/\/tt-camp.eu\/wp-content\/uploads\/2019\/09\/DSC_3561_k-150x150.jpg\" class=\"attachment-thumbnail size-thumbnail\" alt=\"\" \/><\/a>\n\t\t\t<\/div><\/figure><figure class='gallery-item'>\n\t\t\t<div class='gallery-icon landscape'>\n\t\t\t\t<a href='https:\/\/tt-camp.eu\/wp-content\/uploads\/2019\/09\/DSC_3545_k.jpg'><img loading=\"lazy\" decoding=\"async\" width=\"150\" height=\"150\" src=\"https:\/\/tt-camp.eu\/wp-content\/uploads\/2019\/09\/DSC_3545_k-150x150.jpg\" class=\"attachment-thumbnail size-thumbnail\" alt=\"\" \/><\/a>\n\t\t\t<\/div><\/figure><figure class='gallery-item'>\n\t\t\t<div class='gallery-icon landscape'>\n\t\t\t\t<a href='https:\/\/tt-camp.eu\/wp-content\/uploads\/2019\/09\/DSC_3557_k.jpg'><img loading=\"lazy\" decoding=\"async\" width=\"150\" height=\"150\" src=\"https:\/\/tt-camp.eu\/wp-content\/uploads\/2019\/09\/DSC_3557_k-150x150.jpg\" class=\"attachment-thumbnail size-thumbnail\" alt=\"\" \/><\/a>\n\t\t\t<\/div><\/figure><figure class='gallery-item'>\n\t\t\t<div class='gallery-icon landscape'>\n\t\t\t\t<a href='https:\/\/tt-camp.eu\/wp-content\/uploads\/2019\/09\/DSC_3584_k.jpg'><img loading=\"lazy\" decoding=\"async\" width=\"150\" height=\"150\" src=\"https:\/\/tt-camp.eu\/wp-content\/uploads\/2019\/09\/DSC_3584_k-150x150.jpg\" class=\"attachment-thumbnail size-thumbnail\" alt=\"\" \/><\/a>\n\t\t\t<\/div><\/figure><figure class='gallery-item'>\n\t\t\t<div class='gallery-icon landscape'>\n\t\t\t\t<a href='https:\/\/tt-camp.eu\/wp-content\/uploads\/2019\/09\/DSC_3549_k.jpg'><img loading=\"lazy\" decoding=\"async\" width=\"150\" height=\"150\" src=\"https:\/\/tt-camp.eu\/wp-content\/uploads\/2019\/09\/DSC_3549_k-150x150.jpg\" class=\"attachment-thumbnail size-thumbnail\" alt=\"\" \/><\/a>\n\t\t\t<\/div><\/figure><figure class='gallery-item'>\n\t\t\t<div class='gallery-icon landscape'>\n\t\t\t\t<a href='https:\/\/tt-camp.eu\/wp-content\/uploads\/2019\/09\/DSC_3575_k.jpg'><img loading=\"lazy\" decoding=\"async\" width=\"150\" height=\"150\" src=\"https:\/\/tt-camp.eu\/wp-content\/uploads\/2019\/09\/DSC_3575_k-150x150.jpg\" class=\"attachment-thumbnail size-thumbnail\" alt=\"\" \/><\/a>\n\t\t\t<\/div><\/figure><figure class='gallery-item'>\n\t\t\t<div class='gallery-icon landscape'>\n\t\t\t\t<a href='https:\/\/tt-camp.eu\/wp-content\/uploads\/2019\/09\/DSC_3535_k.jpg'><img loading=\"lazy\" decoding=\"async\" width=\"150\" height=\"150\" src=\"https:\/\/tt-camp.eu\/wp-content\/uploads\/2019\/09\/DSC_3535_k-150x150.jpg\" class=\"attachment-thumbnail size-thumbnail\" alt=\"\" \/><\/a>\n\t\t\t<\/div><\/figure><figure class='gallery-item'>\n\t\t\t<div class='gallery-icon landscape'>\n\t\t\t\t<a href='https:\/\/tt-camp.eu\/wp-content\/uploads\/2019\/09\/DSC_3564_k.jpg'><img loading=\"lazy\" decoding=\"async\" width=\"150\" height=\"150\" src=\"https:\/\/tt-camp.eu\/wp-content\/uploads\/2019\/09\/DSC_3564_k-150x150.jpg\" class=\"attachment-thumbnail size-thumbnail\" alt=\"\" \/><\/a>\n\t\t\t<\/div><\/figure><figure class='gallery-item'>\n\t\t\t<div class='gallery-icon landscape'>\n\t\t\t\t<a href='https:\/\/tt-camp.eu\/wp-content\/uploads\/2019\/09\/DSC_3531_k.jpg'><img loading=\"lazy\" decoding=\"async\" width=\"150\" height=\"150\" src=\"https:\/\/tt-camp.eu\/wp-content\/uploads\/2019\/09\/DSC_3531_k-150x150.jpg\" class=\"attachment-thumbnail size-thumbnail\" alt=\"\" \/><\/a>\n\t\t\t<\/div><\/figure><figure class='gallery-item'>\n\t\t\t<div class='gallery-icon landscape'>\n\t\t\t\t<a href='https:\/\/tt-camp.eu\/wp-content\/uploads\/2019\/09\/DSC_3551_k.jpg'><img loading=\"lazy\" decoding=\"async\" width=\"150\" height=\"150\" src=\"https:\/\/tt-camp.eu\/wp-content\/uploads\/2019\/09\/DSC_3551_k-150x150.jpg\" class=\"attachment-thumbnail size-thumbnail\" alt=\"\" \/><\/a>\n\t\t\t<\/div><\/figure><figure class='gallery-item'>\n\t\t\t<div class='gallery-icon landscape'>\n\t\t\t\t<a href='https:\/\/tt-camp.eu\/wp-content\/uploads\/2019\/09\/DSC_3544_k.jpg'><img loading=\"lazy\" decoding=\"async\" width=\"150\" height=\"150\" src=\"https:\/\/tt-camp.eu\/wp-content\/uploads\/2019\/09\/DSC_3544_k-150x150.jpg\" class=\"attachment-thumbnail size-thumbnail\" alt=\"\" \/><\/a>\n\t\t\t<\/div><\/figure><figure class='gallery-item'>\n\t\t\t<div class='gallery-icon landscape'>\n\t\t\t\t<a href='https:\/\/tt-camp.eu\/wp-content\/uploads\/2019\/09\/DSC_3533_k.jpg'><img loading=\"lazy\" decoding=\"async\" width=\"150\" height=\"150\" src=\"https:\/\/tt-camp.eu\/wp-content\/uploads\/2019\/09\/DSC_3533_k-150x150.jpg\" class=\"attachment-thumbnail size-thumbnail\" alt=\"\" \/><\/a>\n\t\t\t<\/div><\/figure><figure class='gallery-item'>\n\t\t\t<div class='gallery-icon landscape'>\n\t\t\t\t<a href='https:\/\/tt-camp.eu\/wp-content\/uploads\/2019\/09\/DSC_3558_k.jpg'><img loading=\"lazy\" decoding=\"async\" width=\"150\" height=\"150\" src=\"https:\/\/tt-camp.eu\/wp-content\/uploads\/2019\/09\/DSC_3558_k-150x150.jpg\" class=\"attachment-thumbnail size-thumbnail\" alt=\"\" \/><\/a>\n\t\t\t<\/div><\/figure><figure class='gallery-item'>\n\t\t\t<div class='gallery-icon landscape'>\n\t\t\t\t<a href='https:\/\/tt-camp.eu\/wp-content\/uploads\/2019\/09\/DSC_3534_k.jpg'><img loading=\"lazy\" decoding=\"async\" width=\"150\" height=\"150\" src=\"https:\/\/tt-camp.eu\/wp-content\/uploads\/2019\/09\/DSC_3534_k-150x150.jpg\" class=\"attachment-thumbnail size-thumbnail\" alt=\"\" \/><\/a>\n\t\t\t<\/div><\/figure><figure class='gallery-item'>\n\t\t\t<div class='gallery-icon landscape'>\n\t\t\t\t<a href='https:\/\/tt-camp.eu\/wp-content\/uploads\/2019\/09\/DSC_3577_cr_k.jpg'><img loading=\"lazy\" decoding=\"async\" width=\"150\" height=\"150\" src=\"https:\/\/tt-camp.eu\/wp-content\/uploads\/2019\/09\/DSC_3577_cr_k-150x150.jpg\" class=\"attachment-thumbnail size-thumbnail\" alt=\"\" \/><\/a>\n\t\t\t<\/div><\/figure><figure class='gallery-item'>\n\t\t\t<div class='gallery-icon landscape'>\n\t\t\t\t<a href='https:\/\/tt-camp.eu\/wp-content\/uploads\/2019\/09\/DSC_3552_k.jpg'><img loading=\"lazy\" decoding=\"async\" width=\"150\" height=\"150\" src=\"https:\/\/tt-camp.eu\/wp-content\/uploads\/2019\/09\/DSC_3552_k-150x150.jpg\" class=\"attachment-thumbnail size-thumbnail\" alt=\"\" \/><\/a>\n\t\t\t<\/div><\/figure><figure class='gallery-item'>\n\t\t\t<div class='gallery-icon landscape'>\n\t\t\t\t<a href='https:\/\/tt-camp.eu\/wp-content\/uploads\/2019\/09\/DSC_3560_k.jpg'><img loading=\"lazy\" decoding=\"async\" width=\"150\" height=\"150\" src=\"https:\/\/tt-camp.eu\/wp-content\/uploads\/2019\/09\/DSC_3560_k-150x150.jpg\" class=\"attachment-thumbnail size-thumbnail\" alt=\"\" \/><\/a>\n\t\t\t<\/div><\/figure><figure class='gallery-item'>\n\t\t\t<div class='gallery-icon landscape'>\n\t\t\t\t<a href='https:\/\/tt-camp.eu\/wp-content\/uploads\/2019\/09\/DSC_3553_k.jpg'><img loading=\"lazy\" decoding=\"async\" width=\"150\" height=\"150\" src=\"https:\/\/tt-camp.eu\/wp-content\/uploads\/2019\/09\/DSC_3553_k-150x150.jpg\" class=\"attachment-thumbnail size-thumbnail\" alt=\"\" \/><\/a>\n\t\t\t<\/div><\/figure><figure class='gallery-item'>\n\t\t\t<div class='gallery-icon landscape'>\n\t\t\t\t<a href='https:\/\/tt-camp.eu\/wp-content\/uploads\/2019\/09\/DSC_3565_k.jpg'><img loading=\"lazy\" decoding=\"async\" width=\"150\" height=\"150\" src=\"https:\/\/tt-camp.eu\/wp-content\/uploads\/2019\/09\/DSC_3565_k-150x150.jpg\" class=\"attachment-thumbnail size-thumbnail\" alt=\"\" \/><\/a>\n\t\t\t<\/div><\/figure><figure class='gallery-item'>\n\t\t\t<div class='gallery-icon landscape'>\n\t\t\t\t<a href='https:\/\/tt-camp.eu\/wp-content\/uploads\/2019\/09\/DSC_3559_k.jpg'><img loading=\"lazy\" decoding=\"async\" width=\"150\" height=\"150\" src=\"https:\/\/tt-camp.eu\/wp-content\/uploads\/2019\/09\/DSC_3559_k-150x150.jpg\" class=\"attachment-thumbnail size-thumbnail\" alt=\"\" \/><\/a>\n\t\t\t<\/div><\/figure><figure class='gallery-item'>\n\t\t\t<div class='gallery-icon landscape'>\n\t\t\t\t<a href='https:\/\/tt-camp.eu\/wp-content\/uploads\/2019\/09\/DSC_3583_k.jpg'><img loading=\"lazy\" decoding=\"async\" width=\"150\" height=\"150\" src=\"https:\/\/tt-camp.eu\/wp-content\/uploads\/2019\/09\/DSC_3583_k-150x150.jpg\" class=\"attachment-thumbnail size-thumbnail\" alt=\"\" \/><\/a>\n\t\t\t<\/div><\/figure><figure class='gallery-item'>\n\t\t\t<div class='gallery-icon landscape'>\n\t\t\t\t<a href='https:\/\/tt-camp.eu\/wp-content\/uploads\/2019\/09\/DSC_3586_k.jpg'><img loading=\"lazy\" decoding=\"async\" width=\"150\" height=\"150\" src=\"https:\/\/tt-camp.eu\/wp-content\/uploads\/2019\/09\/DSC_3586_k-150x150.jpg\" class=\"attachment-thumbnail size-thumbnail\" alt=\"\" \/><\/a>\n\t\t\t<\/div><\/figure><figure class='gallery-item'>\n\t\t\t<div class='gallery-icon landscape'>\n\t\t\t\t<a href='https:\/\/tt-camp.eu\/wp-content\/uploads\/2019\/09\/DSC_3567_k.jpg'><img loading=\"lazy\" decoding=\"async\" width=\"150\" height=\"150\" src=\"https:\/\/tt-camp.eu\/wp-content\/uploads\/2019\/09\/DSC_3567_k-150x150.jpg\" class=\"attachment-thumbnail size-thumbnail\" alt=\"\" \/><\/a>\n\t\t\t<\/div><\/figure><figure class='gallery-item'>\n\t\t\t<div class='gallery-icon landscape'>\n\t\t\t\t<a href='https:\/\/tt-camp.eu\/wp-content\/uploads\/2019\/09\/DSC_3568_k.jpg'><img loading=\"lazy\" decoding=\"async\" width=\"150\" height=\"150\" src=\"https:\/\/tt-camp.eu\/wp-content\/uploads\/2019\/09\/DSC_3568_k-150x150.jpg\" class=\"attachment-thumbnail size-thumbnail\" alt=\"\" \/><\/a>\n\t\t\t<\/div><\/figure><figure class='gallery-item'>\n\t\t\t<div class='gallery-icon landscape'>\n\t\t\t\t<a href='https:\/\/tt-camp.eu\/wp-content\/uploads\/2019\/09\/DSC_3585_k.jpg'><img loading=\"lazy\" decoding=\"async\" width=\"150\" height=\"150\" src=\"https:\/\/tt-camp.eu\/wp-content\/uploads\/2019\/09\/DSC_3585_k-150x150.jpg\" class=\"attachment-thumbnail size-thumbnail\" alt=\"\" \/><\/a>\n\t\t\t<\/div><\/figure><figure class='gallery-item'>\n\t\t\t<div class='gallery-icon landscape'>\n\t\t\t\t<a href='https:\/\/tt-camp.eu\/wp-content\/uploads\/2019\/09\/DSC_3538_k.jpg'><img loading=\"lazy\" decoding=\"async\" width=\"150\" height=\"150\" src=\"https:\/\/tt-camp.eu\/wp-content\/uploads\/2019\/09\/DSC_3538_k-150x150.jpg\" class=\"attachment-thumbnail size-thumbnail\" alt=\"\" \/><\/a>\n\t\t\t<\/div><\/figure><figure class='gallery-item'>\n\t\t\t<div class='gallery-icon landscape'>\n\t\t\t\t<a href='https:\/\/tt-camp.eu\/wp-content\/uploads\/2019\/09\/DSC_3536_k.jpg'><img loading=\"lazy\" decoding=\"async\" width=\"150\" height=\"150\" src=\"https:\/\/tt-camp.eu\/wp-content\/uploads\/2019\/09\/DSC_3536_k-150x150.jpg\" class=\"attachment-thumbnail size-thumbnail\" alt=\"\" \/><\/a>\n\t\t\t<\/div><\/figure><figure class='gallery-item'>\n\t\t\t<div class='gallery-icon landscape'>\n\t\t\t\t<a href='https:\/\/tt-camp.eu\/wp-content\/uploads\/2019\/09\/DSC_3588_k.jpg'><img loading=\"lazy\" decoding=\"async\" width=\"150\" height=\"150\" src=\"https:\/\/tt-camp.eu\/wp-content\/uploads\/2019\/09\/DSC_3588_k-150x150.jpg\" class=\"attachment-thumbnail size-thumbnail\" alt=\"\" \/><\/a>\n\t\t\t<\/div><\/figure>\n\t\t<\/div>\n<\/h1>\n<p>&#8230; und mit Bildern aus Hodonin und Br\u00fcnn<\/p>\n<h1><div id='gallery-3' class='gallery galleryid-4081 gallery-columns-5 gallery-size-thumbnail'><figure class='gallery-item'>\n\t\t\t<div class='gallery-icon landscape'>\n\t\t\t\t<a href='https:\/\/tt-camp.eu\/wp-content\/uploads\/2019\/09\/DSC_3525_k.jpg'><img loading=\"lazy\" decoding=\"async\" width=\"150\" height=\"150\" src=\"https:\/\/tt-camp.eu\/wp-content\/uploads\/2019\/09\/DSC_3525_k-150x150.jpg\" class=\"attachment-thumbnail size-thumbnail\" alt=\"\" \/><\/a>\n\t\t\t<\/div><\/figure><figure class='gallery-item'>\n\t\t\t<div class='gallery-icon landscape'>\n\t\t\t\t<a href='https:\/\/tt-camp.eu\/wp-content\/uploads\/2019\/09\/DSC_3526_k.jpg'><img loading=\"lazy\" decoding=\"async\" width=\"150\" height=\"150\" src=\"https:\/\/tt-camp.eu\/wp-content\/uploads\/2019\/09\/DSC_3526_k-150x150.jpg\" class=\"attachment-thumbnail size-thumbnail\" alt=\"\" \/><\/a>\n\t\t\t<\/div><\/figure><figure class='gallery-item'>\n\t\t\t<div class='gallery-icon landscape'>\n\t\t\t\t<a href='https:\/\/tt-camp.eu\/wp-content\/uploads\/2019\/09\/DSC_3527_k.jpg'><img loading=\"lazy\" decoding=\"async\" width=\"150\" height=\"150\" src=\"https:\/\/tt-camp.eu\/wp-content\/uploads\/2019\/09\/DSC_3527_k-150x150.jpg\" class=\"attachment-thumbnail size-thumbnail\" alt=\"\" \/><\/a>\n\t\t\t<\/div><\/figure><figure class='gallery-item'>\n\t\t\t<div class='gallery-icon portrait'>\n\t\t\t\t<a href='https:\/\/tt-camp.eu\/wp-content\/uploads\/2019\/09\/DSC_3528_k.jpg'><img loading=\"lazy\" decoding=\"async\" width=\"150\" height=\"150\" src=\"https:\/\/tt-camp.eu\/wp-content\/uploads\/2019\/09\/DSC_3528_k-150x150.jpg\" class=\"attachment-thumbnail size-thumbnail\" alt=\"\" \/><\/a>\n\t\t\t<\/div><\/figure><figure class='gallery-item'>\n\t\t\t<div class='gallery-icon landscape'>\n\t\t\t\t<a href='https:\/\/tt-camp.eu\/wp-content\/uploads\/2019\/09\/DSC_3529_k.jpg'><img loading=\"lazy\" decoding=\"async\" width=\"150\" height=\"150\" src=\"https:\/\/tt-camp.eu\/wp-content\/uploads\/2019\/09\/DSC_3529_k-150x150.jpg\" class=\"attachment-thumbnail size-thumbnail\" alt=\"\" \/><\/a>\n\t\t\t<\/div><\/figure><figure class='gallery-item'>\n\t\t\t<div class='gallery-icon landscape'>\n\t\t\t\t<a href='https:\/\/tt-camp.eu\/wp-content\/uploads\/2019\/09\/DSC_3530_k.jpg'><img loading=\"lazy\" decoding=\"async\" width=\"150\" height=\"150\" src=\"https:\/\/tt-camp.eu\/wp-content\/uploads\/2019\/09\/DSC_3530_k-150x150.jpg\" class=\"attachment-thumbnail size-thumbnail\" alt=\"\" \/><\/a>\n\t\t\t<\/div><\/figure>\n\t\t<\/div>\n<\/h1>\n<p>Vielen Dank f\u00fcr die sch\u00f6nen Erinnerungen!<\/p>\n","protected":false},"excerpt":{"rendered":"<p>2019 &#8211; Kurs sechs Mit Curti und Janusz (den &#8222;Materialspezies&#8220;) &#8230; und einigen Fotos unserer Wiener Freunde Und mit Fotos von Arno Bergmann mit Bildern vom Camp &#8230; &#8230; und mit Bildern aus Hodonin und Br\u00fcnn Vielen Dank f\u00fcr die sch\u00f6nen Erinnerungen!<\/p>\n","protected":false},"author":2,"featured_media":0,"parent":603,"menu_order":963,"comment_status":"closed","ping_status":"closed","template":"page-fullwidth.php","meta":{"footnotes":""},"class_list":["post-4081","page","type-page","status-publish","hentry"],"_links":{"self":[{"href":"https:\/\/tt-camp.eu\/index.php?rest_route=\/wp\/v2\/pages\/4081","targetHints":{"allow":["GET"]}}],"collection":[{"href":"https:\/\/tt-camp.eu\/index.php?rest_route=\/wp\/v2\/pages"}],"about":[{"href":"https:\/\/tt-camp.eu\/index.php?rest_route=\/wp\/v2\/types\/page"}],"author":[{"embeddable":true,"href":"https:\/\/tt-camp.eu\/index.php?rest_route=\/wp\/v2\/users\/2"}],"replies":[{"embeddable":true,"href":"https:\/\/tt-camp.eu\/index.php?rest_route=%2Fwp%2Fv2%2Fcomments&post=4081"}],"version-history":[{"count":8,"href":"https:\/\/tt-camp.eu\/index.php?rest_route=\/wp\/v2\/pages\/4081\/revisions"}],"predecessor-version":[{"id":4226,"href":"https:\/\/tt-camp.eu\/index.php?rest_route=\/wp\/v2\/pages\/4081\/revisions\/4226"}],"up":[{"embeddable":true,"href":"https:\/\/tt-camp.eu\/index.php?rest_route=\/wp\/v2\/pages\/603"}],"wp:attachment":[{"href":"https:\/\/tt-camp.eu\/index.php?rest_route=%2Fwp%2Fv2%2Fmedia&parent=4081"}],"curies":[{"name":"wp","href":"https:\/\/api.w.org\/{rel}","templated":true}]}}