{"id":17,"date":"2013-04-05T07:02:10","date_gmt":"2013-04-05T05:02:10","guid":{"rendered":"http:\/\/tt-camp.eu\/?page_id=17"},"modified":"2024-05-31T10:41:57","modified_gmt":"2024-05-31T08:41:57","slug":"freizeit","status":"publish","type":"page","link":"https:\/\/tt-camp.eu\/?page_id=17","title":{"rendered":"Freizeit"},"content":{"rendered":"<h1>Spa\u00df auch in der Freizeit<\/h1>\n<p style=\"text-align: justify;\">Hodonin ist eine Kleinstadt mit \u00fcber 25.000 Einwohnern und die Bezirksstadt des gleichnamigen Distrikts. Sie liegt etwa 50 km s\u00fcd\u00f6stlich von Brno (Br\u00fcnn) an der Morava (March), dem Grenzfluss zwischen der Tschechischen und Slowakischen Republik, mitten in der <a href=\"http:\/\/de.wikipedia.org\/wiki\/M\u00e4hrische_Slowakei\" target=\"_blank\" rel=\"noopener noreferrer\">M\u00e4hrischen Slowakei<\/a>, die bekannt ist f\u00fcr ihren guten Wein, eine starke folkloristische Tradition und die sch\u00f6ne Natur.<br \/>\nFreizeiteinrichtungen, Gastst\u00e4tten und Restaurants haben wie das Camp selbst ein hervorragendes Preis-Leistungs-Verh\u00e4ltnis. Also wird auch zwischen den Trainingseinheiten und am Abend in Hodonin keine Langeweile aufkommen:<\/p>\n<p><a href=\"http:\/\/istudio.cz\/hodonin\/?l=3\" target=\"_blank\" rel=\"noopener noreferrer\">Virtueller Spaziergang durch Hodon\u00edn<\/a><br \/>\n<a href=\"https:\/\/www.google.com\/search?client=opera&#038;q=schwimmbad%20hodonin&#038;sourceid=opera&#038;ie=UTF-8&#038;oe=UTF-8&#038;hs=APP&#038;sxsrf=ALeKk00HjsFgW_rAwV0NvifSpb3LWy0Zyg:1592910029687&#038;npsic=0&#038;rflfq=1&#038;rlha=0&#038;rllag=48879692,17112617,4117&#038;tbm=lcl&#038;rldimm=4279306178815651554&#038;lqi=ChJzY2h3aW1tYmFkIGhvZG9uaW5aIAoKc2Nod2ltbWJhZCISc2Nod2ltbWJhZCBob2Rvbmlu&#038;ved=2ahUKEwj32Omj5JfqAhXH4KQKHYVbBnIQvS4wBXoECAwQIQ&#038;rldoc=1&#038;tbs=lrf:!1m4!1u3!2m2!3m1!1e1!1m4!1u2!2m2!2m1!1e1!2m1!1e2!2m1!1e3!3sIAE,lf:1,lf_ui:2&#038;rlst=f#rlfi=hd:;si:4279306178815651554,l,ChJzY2h3aW1tYmFkIGhvZG9uaW5aIAoKc2Nod2ltbWJhZCISc2Nod2ltbWJhZCBob2Rvbmlu;mv:[[49.43574288308303,18.270837306096684],[47.50581838128584,12.854577540471682],null,[48.47995769997807,15.562707423284182],8]\" target=\"_blank\" rel=\"noopener noreferrer\">Freibad<\/a><br \/>\n<a href=\"http:\/\/www.zoo-hodonin.cz\" target=\"_blank\" rel=\"noopener noreferrer\">Zoo<\/a><br \/>\n<a href=\"https:\/\/www.google.de\/maps\/place\/Minibrewery+KUNC\/@48.8504388,17.1251434,17z\/data=!3m1!4b1!4m6!3m5!1s0x47132e50daf61d69:0xf6730aea50270341!8m2!3d48.8504388!4d17.127713!16s%2Fg%2F1tk4pwt0?entry=ttu\" target=\"_blank\" rel=\"noopener noreferrer\">Mikrobrauerei Kunc mit tschechischer K\u00fcche<\/a><br \/>\n<a href=\"http:\/\/www.pizzacasamia.cz\/default.asp?cont=71\" target=\"_blank\" rel=\"noopener noreferrer\">Pizzeria Casa Mia u.a.<\/a><\/p>\n<p><a href=\"https:\/\/de.wikipedia.org\/wiki\/Schloss_Milotice\" target=\"_blank\" rel=\"noopener noreferrer\">Schloss Milotice<\/a> (ca. 13 km)<br \/>\n<a href=\"https:\/\/www.sued-maehren.de\/de\/sehenswertes\/o70433-freilichtmuseum-sudostmahren\" target=\"_blank\" rel=\"noopener noreferrer\">Freilichtmuseum in Str\u00e1\u017enice<\/a> (ca. 18 km)<br \/>\n<a href=\"http:\/\/de.czech-unesco.org\/kulturlandschaft-Lednice-Valtice\/vorstellung\/\" target=\"_blank\" rel=\"noopener noreferrer\">Unesco Welterbe in Lednice und Valtice<\/a> (jeweils ca. 33 km von Hodonin entfernt, 8 km voneinander)<\/p>\n","protected":false},"excerpt":{"rendered":"<p>Spa\u00df auch in der Freizeit Hodonin ist eine Kleinstadt mit \u00fcber 25.000 Einwohnern und die Bezirksstadt des gleichnamigen Distrikts. Sie liegt etwa 50 km s\u00fcd\u00f6stlich von Brno (Br\u00fcnn) an der Morava (March), dem Grenzfluss zwischen der Tschechischen und Slowakischen Republik, mitten in der M\u00e4hrischen Slowakei, <a class=\"more-link\" href=\"https:\/\/tt-camp.eu\/?page_id=17\"><span class=\"screen-reader-text\">  Freizeit<\/span> weiterlesen<span class=\"meta-nav\">&rarr;<\/span><\/a><\/p>\n","protected":false},"author":4,"featured_media":0,"parent":14,"menu_order":4,"comment_status":"closed","ping_status":"closed","template":"page-fullwidth.php","meta":{"footnotes":""},"class_list":["post-17","page","type-page","status-publish","hentry"],"_links":{"self":[{"href":"https:\/\/tt-camp.eu\/index.php?rest_route=\/wp\/v2\/pages\/17","targetHints":{"allow":["GET"]}}],"collection":[{"href":"https:\/\/tt-camp.eu\/index.php?rest_route=\/wp\/v2\/pages"}],"about":[{"href":"https:\/\/tt-camp.eu\/index.php?rest_route=\/wp\/v2\/types\/page"}],"author":[{"embeddable":true,"href":"https:\/\/tt-camp.eu\/index.php?rest_route=\/wp\/v2\/users\/4"}],"replies":[{"embeddable":true,"href":"https:\/\/tt-camp.eu\/index.php?rest_route=%2Fwp%2Fv2%2Fcomments&post=17"}],"version-history":[{"count":37,"href":"https:\/\/tt-camp.eu\/index.php?rest_route=\/wp\/v2\/pages\/17\/revisions"}],"predecessor-version":[{"id":5548,"href":"https:\/\/tt-camp.eu\/index.php?rest_route=\/wp\/v2\/pages\/17\/revisions\/5548"}],"up":[{"embeddable":true,"href":"https:\/\/tt-camp.eu\/index.php?rest_route=\/wp\/v2\/pages\/14"}],"wp:attachment":[{"href":"https:\/\/tt-camp.eu\/index.php?rest_route=%2Fwp%2Fv2%2Fmedia&parent=17"}],"curies":[{"name":"wp","href":"https:\/\/api.w.org\/{rel}","templated":true}]}}