{"id":14,"date":"2013-04-05T06:58:26","date_gmt":"2013-04-05T04:58:26","guid":{"rendered":"http:\/\/tt-camp.eu\/?page_id=14"},"modified":"2024-11-24T21:55:30","modified_gmt":"2024-11-24T19:55:30","slug":"ubernachtung","status":"publish","type":"page","link":"https:\/\/tt-camp.eu\/?page_id=14","title":{"rendered":"\u00dcbernachtung"},"content":{"rendered":"<h1>Ruhe, Wellness, Fitness<\/h1>\n<p style=\"text-align: justify;\">Die Pension \u201eLipovka Relax Club\u201c ist ein modernes Fitness- und Wellnesscenter mit G\u00e4stehaus und Caf\u00e9 Bar in einigen Fu\u00dfminuten Entfernung vom Bahnhof. Das Stadtzentrum liegt einen guten Kilometer entfernt.<br \/>\nDie Fitnessger\u00e4te, Trimmer und Laufb\u00e4nder stehen allen Camp-Teilnehmern auch au\u00dferhalb der Trainingszeiten zur Verf\u00fcgung. Gen\u00fcgend kostenfreie Parkpl\u00e4tze auf dem Gel\u00e4nde sind ebenfalls vorhanden, sowie kostenfreies WLAN. Check-in 13:00 Uhr, Check-out 12:00 Uhr.<\/p>\n<div id='gallery-1' class='gallery galleryid-14 gallery-columns-4 gallery-size-thumbnail'><figure class='gallery-item'>\n\t\t\t<div class='gallery-icon landscape'>\n\t\t\t\t<a href='https:\/\/tt-camp.eu\/wp-content\/uploads\/2013\/04\/budova01.jpg'><img loading=\"lazy\" decoding=\"async\" width=\"150\" height=\"150\" src=\"https:\/\/tt-camp.eu\/wp-content\/uploads\/2013\/04\/budova01-150x150.jpg\" class=\"attachment-thumbnail size-thumbnail\" alt=\"\" \/><\/a>\n\t\t\t<\/div><\/figure><figure class='gallery-item'>\n\t\t\t<div class='gallery-icon landscape'>\n\t\t\t\t<a href='https:\/\/tt-camp.eu\/wp-content\/uploads\/2013\/12\/bar2.jpg'><img loading=\"lazy\" decoding=\"async\" width=\"150\" height=\"150\" src=\"https:\/\/tt-camp.eu\/wp-content\/uploads\/2013\/12\/bar2-150x150.jpg\" class=\"attachment-thumbnail size-thumbnail\" alt=\"\" \/><\/a>\n\t\t\t<\/div><\/figure><figure class='gallery-item'>\n\t\t\t<div class='gallery-icon landscape'>\n\t\t\t\t<a href='https:\/\/tt-camp.eu\/wp-content\/uploads\/2013\/12\/fotky-nove-005.jpg'><img loading=\"lazy\" decoding=\"async\" width=\"150\" height=\"150\" src=\"https:\/\/tt-camp.eu\/wp-content\/uploads\/2013\/12\/fotky-nove-005-150x150.jpg\" class=\"attachment-thumbnail size-thumbnail\" alt=\"\" \/><\/a>\n\t\t\t<\/div><\/figure><figure class='gallery-item'>\n\t\t\t<div class='gallery-icon landscape'>\n\t\t\t\t<a href='https:\/\/tt-camp.eu\/wp-content\/uploads\/2013\/04\/pokoj8.jpg'><img loading=\"lazy\" decoding=\"async\" width=\"150\" height=\"150\" src=\"https:\/\/tt-camp.eu\/wp-content\/uploads\/2013\/04\/pokoj8-150x150.jpg\" class=\"attachment-thumbnail size-thumbnail\" alt=\"\" \/><\/a>\n\t\t\t<\/div><\/figure><figure class='gallery-item'>\n\t\t\t<div class='gallery-icon landscape'>\n\t\t\t\t<a href='https:\/\/tt-camp.eu\/wp-content\/uploads\/2013\/12\/pokoj01.jpg'><img loading=\"lazy\" decoding=\"async\" width=\"150\" height=\"150\" src=\"https:\/\/tt-camp.eu\/wp-content\/uploads\/2013\/12\/pokoj01-150x150.jpg\" class=\"attachment-thumbnail size-thumbnail\" alt=\"\" \/><\/a>\n\t\t\t<\/div><\/figure><figure class='gallery-item'>\n\t\t\t<div class='gallery-icon landscape'>\n\t\t\t\t<a href='https:\/\/tt-camp.eu\/wp-content\/uploads\/2013\/12\/pokoj3.jpg'><img loading=\"lazy\" decoding=\"async\" width=\"150\" height=\"150\" src=\"https:\/\/tt-camp.eu\/wp-content\/uploads\/2013\/12\/pokoj3-150x150.jpg\" class=\"attachment-thumbnail size-thumbnail\" alt=\"\" \/><\/a>\n\t\t\t<\/div><\/figure><figure class='gallery-item'>\n\t\t\t<div class='gallery-icon landscape'>\n\t\t\t\t<a href='https:\/\/tt-camp.eu\/wp-content\/uploads\/2013\/12\/pokoj09.jpg'><img loading=\"lazy\" decoding=\"async\" width=\"150\" height=\"150\" src=\"https:\/\/tt-camp.eu\/wp-content\/uploads\/2013\/12\/pokoj09-150x150.jpg\" class=\"attachment-thumbnail size-thumbnail\" alt=\"\" \/><\/a>\n\t\t\t<\/div><\/figure><figure class='gallery-item'>\n\t\t\t<div class='gallery-icon portrait'>\n\t\t\t\t<a href='https:\/\/tt-camp.eu\/wp-content\/uploads\/2013\/04\/pokoj5.jpg'><img loading=\"lazy\" decoding=\"async\" width=\"150\" height=\"150\" src=\"https:\/\/tt-camp.eu\/wp-content\/uploads\/2013\/04\/pokoj5-150x150.jpg\" class=\"attachment-thumbnail size-thumbnail\" alt=\"\" \/><\/a>\n\t\t\t<\/div><\/figure><figure class='gallery-item'>\n\t\t\t<div class='gallery-icon portrait'>\n\t\t\t\t<a href='https:\/\/tt-camp.eu\/wp-content\/uploads\/2013\/04\/pokoj7.jpg'><img loading=\"lazy\" decoding=\"async\" width=\"150\" height=\"150\" src=\"https:\/\/tt-camp.eu\/wp-content\/uploads\/2013\/04\/pokoj7-150x150.jpg\" class=\"attachment-thumbnail size-thumbnail\" alt=\"\" \/><\/a>\n\t\t\t<\/div><\/figure><figure class='gallery-item'>\n\t\t\t<div class='gallery-icon portrait'>\n\t\t\t\t<a href='https:\/\/tt-camp.eu\/wp-content\/uploads\/2013\/04\/fitness2.jpg'><img loading=\"lazy\" decoding=\"async\" width=\"150\" height=\"150\" src=\"https:\/\/tt-camp.eu\/wp-content\/uploads\/2013\/04\/fitness2-150x150.jpg\" class=\"attachment-thumbnail size-thumbnail\" alt=\"\" \/><\/a>\n\t\t\t<\/div><\/figure><figure class='gallery-item'>\n\t\t\t<div class='gallery-icon landscape'>\n\t\t\t\t<a href='https:\/\/tt-camp.eu\/wp-content\/uploads\/2013\/04\/fitness02.jpg'><img loading=\"lazy\" decoding=\"async\" width=\"150\" height=\"150\" src=\"https:\/\/tt-camp.eu\/wp-content\/uploads\/2013\/04\/fitness02-150x150.jpg\" class=\"attachment-thumbnail size-thumbnail\" alt=\"\" \/><\/a>\n\t\t\t<\/div><\/figure><figure class='gallery-item'>\n\t\t\t<div class='gallery-icon landscape'>\n\t\t\t\t<a href='https:\/\/tt-camp.eu\/wp-content\/uploads\/2013\/04\/fitness04.jpg'><img loading=\"lazy\" decoding=\"async\" width=\"150\" height=\"150\" src=\"https:\/\/tt-camp.eu\/wp-content\/uploads\/2013\/04\/fitness04-150x150.jpg\" class=\"attachment-thumbnail size-thumbnail\" alt=\"\" \/><\/a>\n\t\t\t<\/div><\/figure><figure class='gallery-item'>\n\t\t\t<div class='gallery-icon landscape'>\n\t\t\t\t<a href='https:\/\/tt-camp.eu\/wp-content\/uploads\/2013\/04\/fitness03.jpg'><img loading=\"lazy\" decoding=\"async\" width=\"150\" height=\"150\" src=\"https:\/\/tt-camp.eu\/wp-content\/uploads\/2013\/04\/fitness03-150x150.jpg\" class=\"attachment-thumbnail size-thumbnail\" alt=\"\" \/><\/a>\n\t\t\t<\/div><\/figure><figure class='gallery-item'>\n\t\t\t<div class='gallery-icon landscape'>\n\t\t\t\t<a href='https:\/\/tt-camp.eu\/wp-content\/uploads\/2013\/04\/wellness2.jpg'><img loading=\"lazy\" decoding=\"async\" width=\"150\" height=\"150\" src=\"https:\/\/tt-camp.eu\/wp-content\/uploads\/2013\/04\/wellness2-150x150.jpg\" class=\"attachment-thumbnail size-thumbnail\" alt=\"\" \/><\/a>\n\t\t\t<\/div><\/figure><figure class='gallery-item'>\n\t\t\t<div class='gallery-icon landscape'>\n\t\t\t\t<a href='https:\/\/tt-camp.eu\/wp-content\/uploads\/2013\/04\/wellness5.jpg'><img loading=\"lazy\" decoding=\"async\" width=\"150\" height=\"150\" src=\"https:\/\/tt-camp.eu\/wp-content\/uploads\/2013\/04\/wellness5-150x150.jpg\" class=\"attachment-thumbnail size-thumbnail\" alt=\"\" \/><\/a>\n\t\t\t<\/div><\/figure><figure class='gallery-item'>\n\t\t\t<div class='gallery-icon landscape'>\n\t\t\t\t<a href='https:\/\/tt-camp.eu\/wp-content\/uploads\/2013\/04\/sauna01.jpg'><img loading=\"lazy\" decoding=\"async\" width=\"150\" height=\"150\" src=\"https:\/\/tt-camp.eu\/wp-content\/uploads\/2013\/04\/sauna01-150x150.jpg\" class=\"attachment-thumbnail size-thumbnail\" alt=\"\" \/><\/a>\n\t\t\t<\/div><\/figure>\n\t\t<\/div>\n\n<p><a title=\"Fotos und Link\" href=\"https:\/\/www.lipovka.cz\/\" target=\"_blank\" rel=\"noopener noreferrer\">www.lipovka.cz\/<\/a><\/p>\n","protected":false},"excerpt":{"rendered":"<p>Ruhe, Wellness, Fitness Die Pension \u201eLipovka Relax Club\u201c ist ein modernes Fitness- und Wellnesscenter mit G\u00e4stehaus und Caf\u00e9 Bar in einigen Fu\u00dfminuten Entfernung vom Bahnhof. Das Stadtzentrum liegt einen guten Kilometer entfernt. Die Fitnessger\u00e4te, Trimmer und Laufb\u00e4nder stehen allen Camp-Teilnehmern auch au\u00dferhalb der Trainingszeiten zur <a class=\"more-link\" href=\"https:\/\/tt-camp.eu\/?page_id=14\"><span class=\"screen-reader-text\">  \u00dcbernachtung<\/span> weiterlesen<span class=\"meta-nav\">&rarr;<\/span><\/a><\/p>\n","protected":false},"author":4,"featured_media":0,"parent":0,"menu_order":3,"comment_status":"closed","ping_status":"closed","template":"page-fullwidth.php","meta":{"footnotes":""},"class_list":["post-14","page","type-page","status-publish","hentry"],"_links":{"self":[{"href":"https:\/\/tt-camp.eu\/index.php?rest_route=\/wp\/v2\/pages\/14","targetHints":{"allow":["GET"]}}],"collection":[{"href":"https:\/\/tt-camp.eu\/index.php?rest_route=\/wp\/v2\/pages"}],"about":[{"href":"https:\/\/tt-camp.eu\/index.php?rest_route=\/wp\/v2\/types\/page"}],"author":[{"embeddable":true,"href":"https:\/\/tt-camp.eu\/index.php?rest_route=\/wp\/v2\/users\/4"}],"replies":[{"embeddable":true,"href":"https:\/\/tt-camp.eu\/index.php?rest_route=%2Fwp%2Fv2%2Fcomments&post=14"}],"version-history":[{"count":41,"href":"https:\/\/tt-camp.eu\/index.php?rest_route=\/wp\/v2\/pages\/14\/revisions"}],"predecessor-version":[{"id":6139,"href":"https:\/\/tt-camp.eu\/index.php?rest_route=\/wp\/v2\/pages\/14\/revisions\/6139"}],"wp:attachment":[{"href":"https:\/\/tt-camp.eu\/index.php?rest_route=%2Fwp%2Fv2%2Fmedia&parent=14"}],"curies":[{"name":"wp","href":"https:\/\/api.w.org\/{rel}","templated":true}]}}