{"id":12,"date":"2013-04-05T06:57:08","date_gmt":"2013-04-05T04:57:08","guid":{"rendered":"http:\/\/tt-camp.eu\/?page_id=12"},"modified":"2023-01-26T23:09:32","modified_gmt":"2023-01-26T21:09:32","slug":"philosophie","status":"publish","type":"page","link":"https:\/\/tt-camp.eu\/?page_id=12","title":{"rendered":"Training"},"content":{"rendered":"<h1>Sport und Spa\u00df f\u00fcr alle<\/h1>\n<p style=\"text-align: justify;\">Wir wollen individuell zugeschnittenes Profi-Training f\u00fcr jeden erm\u00f6glichen. Daher bieten wir das bestm\u00f6gliche Preis-Leistungs-Verh\u00e4ltnis, das denkbar ist: Top-Trainer, professionelle Trainingsst\u00e4tten, gute Unterbringung, alles f\u00fcr ganz kleines Geld.<\/p>\n<p style=\"text-align: justify;\">Das Trainerteam bringt langj\u00e4hrige Erfahrung mit, sowohl im internationalen Spitzensport, wie auch im Anf\u00e4nger- und Jugendtraining.<\/p>\n<p>Eine beispielhafte Trainingswoche in den Sommercamps sieht so aus:<\/p>\n<p style=\"text-align: justify;\">\n<strong>Montag<\/strong><br \/>\n \tab 14.00  Check-In Pension<br \/>\n \t15.30 Treffen in der Pension mit Sportsachen<br \/>\n \t15.45 Abfahrt zum Training<br \/>\n        16.00 Begr\u00fc\u00dfung<br \/>\n        16.30 &#8211; 18.30  Training<br \/>\n \tab 19.00  Abendessen<br \/>\n<strong>Dienstag<\/strong><br \/>\n \t7.30 \u2013 9.30  Fr\u00fchst\u00fcck<br \/>\n        9.40 Abfahrt zum Training<br \/>\n \t10.00 \u2013 12.00  Training<br \/>\n \t12.00 \u2013 14.00  Mittagessen<br \/>\n \t14.00 \u2013 15.30  Training<br \/>\n        15.45 Abfahrt zur Pension<br \/>\n \t17.00 \u2013 18.00  Fitness<br \/>\n \t18.30 \u2013 20.00  Abendessen<br \/>\n<strong>Mittwoch<\/strong><br \/>\n \t7.30 \u2013 9.30  Fr\u00fchst\u00fcck<br \/>\n        9.40 Abfahrt zum Training<br \/>\n \t10.00 \u2013 12.00  Training<br \/>\n \t12.00 \u2013 14.00  Mittagessen<br \/>\n \t14.00 \u2013 15.30  Training<br \/>\n        15.45 Abfahrt zur Pension<br \/>\n \t17.00 \u2013 18.30  Sportspiele<br \/>\n \t18.30 \u2013 20.00  Abendessen<br \/>\n<strong>Donnerstag<\/strong><br \/>\n \t7.30 \u2013 9.30  Fr\u00fchst\u00fcck<br \/>\n        9.40 Abfahrt zum Training<br \/>\n \t10.00 \u2013 12.00  Training<br \/>\n        12.15 Abfahrt zur Pension<br \/>\n \t12.30 \u2013 14.00  Mittagessen<br \/>\n \t15.00 \u2013 18.30  Freibad<br \/>\n \t18.30 \u2013 20.00  Abendessen<br \/>\n<strong>Freitag<\/strong><br \/>\n \t7.30 \u2013 9.30  Fr\u00fchst\u00fcck<br \/>\n        9.40 Abfahrt zum Training<br \/>\n \t10.00 \u2013 12.00  Turnier<br \/>\n \t12.00 \u2013 14.00  Mittagessen<br \/>\n \tab 14.00   Turnier<br \/>\n        17.00 Abfahrt zur Pension<br \/>\n \tab 18.30  Abendessen, gemeinsamer Abschiedsabend<br \/>\n<strong>Samstag<\/strong><br \/>\n \t8.00 \u2013 10.00  Fr\u00fchst\u00fcck<br \/>\n \tCheck-out bis 10.00 Uhr<\/p>\n<p style=\"text-align: justify;\">\n<p>Eine <strong>Trainingseinheit<\/strong> von 2 Std. sieht ungef\u00e4hr so aus:<br \/>\n10 min Aufw\u00e4rmtraining<br \/>\n5 min Beinarbeit ohne Ball<br \/>\n15 min Einspielen (Konter, Topspin, Schupf)<br \/>\n30 min Ballwechsel\u00fcbungen mit wechselnden Partnern, je nach technischem K\u00f6nnen und*<br \/>\n* 12 min Balleimertraining (jeweils 2 Spieler reihum, w\u00e4hrend die anderen weiter trainieren)<br \/>\n5 min Pause<br \/>\n45 min Ballwechsel\u00fcbungen (und Beinarbeit mit Ball, Reaktions\u00fcbungen, Aufschlag\u00fcbungen)<br \/>\n10 Dehnen und Entspannen<br \/>\nAlle Zeitangaben nat\u00fcrlich ca. und bei den Ballwechel\u00fcbungen kommen auch immer wieder Sparringspartner von uns an die Tische, die neben den Trainern die Technik verbessern.<br \/>\nDie Ballwechsel\u00fcbungen sind die Grundlage unseres Trainings. Der Sinn dahinter: Wir versuchen die m\u00f6glichen Spielsituationen in minimale Einheiten zu zerlegen und trainieren diese Einheiten bis sie sitzen. Im Spiel werden diese \u00dcbungen dann vom Spieler automatisch abgerufen und die Spielsituationen leichter gemeistert.<br \/>\nJe nach K\u00f6nnen variieren die \u00dcbungen von einfach bis anspruchsvoll.<br \/>\nBeim Balleimertraining richten wir uns ganz nach Euren W\u00fcnschen und Ihr sucht Euch aus, welche Technik(en) Ihr verbessern wollt. Wenn Ihr wollt, bekommt Ihr nat\u00fcrlich Tips, wo wir noch Schwachstellen sehen, die ge\u00fcbt werden sollten.<\/p>\n<p>An den Abenden und in der trainingsfreien Zeit gibt es viele M\u00f6glichkeiten Hodonin und die sch\u00f6ne Umgebung zu erkunden: s. <a href=\"https:\/\/tt-camp.eu\/?page_id=17\">Freizeit<\/a><\/p>\n","protected":false},"excerpt":{"rendered":"<p>Sport und Spa\u00df f\u00fcr alle Wir wollen individuell zugeschnittenes Profi-Training f\u00fcr jeden erm\u00f6glichen. Daher bieten wir das bestm\u00f6gliche Preis-Leistungs-Verh\u00e4ltnis, das denkbar ist: Top-Trainer, professionelle Trainingsst\u00e4tten, gute Unterbringung, alles f\u00fcr ganz kleines Geld. Das Trainerteam bringt langj\u00e4hrige Erfahrung mit, sowohl im internationalen Spitzensport, wie auch im <a class=\"more-link\" href=\"https:\/\/tt-camp.eu\/?page_id=12\"><span class=\"screen-reader-text\">  Training<\/span> weiterlesen<span class=\"meta-nav\">&rarr;<\/span><\/a><\/p>\n","protected":false},"author":4,"featured_media":0,"parent":10,"menu_order":2,"comment_status":"closed","ping_status":"closed","template":"page-fullwidth.php","meta":{"footnotes":""},"class_list":["post-12","page","type-page","status-publish","hentry"],"_links":{"self":[{"href":"https:\/\/tt-camp.eu\/index.php?rest_route=\/wp\/v2\/pages\/12","targetHints":{"allow":["GET"]}}],"collection":[{"href":"https:\/\/tt-camp.eu\/index.php?rest_route=\/wp\/v2\/pages"}],"about":[{"href":"https:\/\/tt-camp.eu\/index.php?rest_route=\/wp\/v2\/types\/page"}],"author":[{"embeddable":true,"href":"https:\/\/tt-camp.eu\/index.php?rest_route=\/wp\/v2\/users\/4"}],"replies":[{"embeddable":true,"href":"https:\/\/tt-camp.eu\/index.php?rest_route=%2Fwp%2Fv2%2Fcomments&post=12"}],"version-history":[{"count":52,"href":"https:\/\/tt-camp.eu\/index.php?rest_route=\/wp\/v2\/pages\/12\/revisions"}],"predecessor-version":[{"id":4740,"href":"https:\/\/tt-camp.eu\/index.php?rest_route=\/wp\/v2\/pages\/12\/revisions\/4740"}],"up":[{"embeddable":true,"href":"https:\/\/tt-camp.eu\/index.php?rest_route=\/wp\/v2\/pages\/10"}],"wp:attachment":[{"href":"https:\/\/tt-camp.eu\/index.php?rest_route=%2Fwp%2Fv2%2Fmedia&parent=12"}],"curies":[{"name":"wp","href":"https:\/\/api.w.org\/{rel}","templated":true}]}}