{"id":10,"date":"2013-04-05T06:55:57","date_gmt":"2013-04-05T04:55:57","guid":{"rendered":"http:\/\/tt-camp.eu\/?page_id=10"},"modified":"2024-08-09T11:44:55","modified_gmt":"2024-08-09T09:44:55","slug":"team","status":"publish","type":"page","link":"https:\/\/tt-camp.eu\/?page_id=10","title":{"rendered":"Trainer"},"content":{"rendered":"<h1>Wir bringen Dich weiter<\/h1>\n<p>Auf Dich wartet ein Team, das Spa\u00df an seiner Arbeit hat und auch wei\u00df, wie professionelles Training Spa\u00df macht &#8211; ob f\u00fcr Anf\u00e4nger oder Profis, ob f\u00fcr alte Hasen oder junge H\u00fcpfer. Unsere Trainer sind Tischtennisprofis mit internationaler Erfahrung:<\/p>\n<div style=\"overflow: hidden; text-align: center;\">\n<a href=\"https:\/\/tt-camp.eu\/wp-content\/uploads\/2013\/04\/NatalieHorak.jpg\"><img loading=\"lazy\" decoding=\"async\" class=\"wp-image-80 alignnone\" title=\"Natalie Horak\" src=\"https:\/\/tt-camp.eu\/wp-content\/uploads\/2013\/04\/NatalieHorak-200x300.jpg\" alt=\"NatalieHorak\" width=\"180\" height=\"270\" \/> <\/a> <a href=\"https:\/\/tt-camp.eu\/wp-content\/uploads\/2018\/07\/Katerina-Penkavova-1.jpg\"><img loading=\"lazy\" decoding=\"async\" class=\"alignnone wp-image-80\" title=\"Katerina Penkavova\" src=\"https:\/\/tt-camp.eu\/wp-content\/uploads\/2018\/07\/Katerina-Penkavova-1.jpg\" alt=\"Katerina\" width=\"180\" height=\"270\" \/> <\/a> <a href=\"https:\/\/tt-camp.eu\/wp-content\/uploads\/2022\/02\/Maria-Panarina.jpg\"><img loading=\"lazy\" decoding=\"async\" class=\"alignnone wp-image-81\" title=\"Maria Panarina\" src=\"https:\/\/tt-camp.eu\/wp-content\/uploads\/2022\/02\/Maria-Panarina-200x300.jpg\" alt=\"MariaPanarina\" width=\"180\" height=\"270\" \/> <\/a> <a href=\"https:\/\/tt-camp.eu\/wp-content\/uploads\/2024\/08\/Veronika-Kmetova_k.jpg\"><img loading=\"lazy\" decoding=\"async\" class=\"alignnone wp-image-81\" title=\"Veronika Kmetova\" src=\"https:\/\/tt-camp.eu\/wp-content\/uploads\/2024\/08\/Veronika-Kmetova_k.jpg\" alt=\"VeronikaKmetova\" width=\"180\" height=\"270\" \/> <\/a>\n<\/div>\n<p><strong>Natalie Horak <\/strong>(Campleiterin, B-Lizenz-Trainerin, ehemalige tschechische Mannschaftsmeisterin und ex Bundesligaspielerin) &#8211; alle Kurse<br \/>\n<strong>Katerina Penkavova<\/strong> (A-Lizenz-Trainerin, mehrfache tschechische Meisterin im Doppel, Mixed und Team, als Nationalspielerin Teilnehmerin bei EM und WM)<br \/>\n<strong>Maria Panarina<\/strong>\u00a0(Trainerin und Spielerin bei Hannover 96, ehem. russische Junioren-Nationalspielerin) &#8211; Kurs 2\/24<br \/>\n<strong>Veronika Kmetova<\/strong>\u00a0(Diplom-Sportlehrerin, Kinder und Jugendtrainerin, tschechische Extraliga Spielerin, tschechische Mannschaftmeisterin und Nationalspielerin) &#8211; Kurse 2 und 3\/24<\/p>\n<div style=\"overflow: hidden; text-align: center;\">\n<a href=\"https:\/\/tt-camp.eu\/wp-content\/uploads\/2018\/08\/Kamil_Grufik.jpg\"><img loading=\"lazy\" decoding=\"async\" class=\"alignnone wp-image-80\" title=\"Kamil Grufik\" src=\"https:\/\/tt-camp.eu\/wp-content\/uploads\/2018\/08\/Kamil_Grufik.jpg\" alt=\"Kamil\" width=\"180\" height=\"270\" \/> <\/a> <\/a> <a href=\"https:\/\/tt-camp.eu\/wp-content\/uploads\/2016\/07\/Janusz_Luterek_2016-1.jpg\"><img loading=\"lazy\" decoding=\"async\" class=\"alignnone wp-image-80\" title=\"Janusz Luterek\" src=\"https:\/\/tt-camp.eu\/wp-content\/uploads\/2016\/07\/Janusz_Luterek_2016-1.jpg\" alt=\"Janusz\" width=\"180\" height=\"270\" \/> <\/a> <a href=\"https:\/\/tt-camp.eu\/wp-content\/uploads\/2018\/08\/Curt-Schoenfeld.jpg\"><img loading=\"lazy\" decoding=\"async\" class=\"alignnone wp-image-80\" title=\"Curt Sch\u00f6nfeld\" src=\"https:\/\/tt-camp.eu\/wp-content\/uploads\/2018\/08\/Curt-Schoenfeld.jpg\" alt=\"Curt\" width=\"180\" height=\"270\" \/> <\/a> <a href=\"https:\/\/tt-camp.eu\/wp-content\/uploads\/2020\/01\/Pavel-Lopocha.jpg\"><img loading=\"lazy\" decoding=\"async\" class=\"alignnone wp-image-80\" title=\"Pavel Lopocha\" src=\"https:\/\/tt-camp.eu\/wp-content\/uploads\/2020\/01\/Pavel-Lopocha.jpg\" alt=\"Pavel\" width=\"180\" height=\"270\" \/> <\/a>\n<\/div>\n<p><strong>Kamil Gruf\u00edk<\/strong> (Sportlehrer, Erwachsenen- und Jugendtraining, spielt f\u00fcr Sokol Lan\u017ehot) &#8211; alle Kurse<br \/>\n<strong>Janusz Luterek<\/strong> (Trainer beim TSV Bordesholm, spezialisiert auf das Spiel mit und gegen Material, klassische und moderne Abwehr)<br \/>\n<strong>Curt Sch\u00f6nfeld<\/strong> (TT\u2013Lehrwart in \u00d6sterreich, \u00f6sterreichischer ex-Bundesligaspieler und internationaler Schiedsrichter, spezialisiert auf das Spiel mit und gegen Material und auf Regelfragen) &#8211; Kurse 3 und 4\/24<br \/>\n<strong>Pavel Lopocha<\/strong> (A-Lizenz-Trainer, Ex-1.-Liga-Spieler f\u00fcr TTC Elizza Praha, jetzt Trainer bei ABC Branik Praha) &#8211; Kurs 1\/24<\/p>\n","protected":false},"excerpt":{"rendered":"<p>Wir bringen Dich weiter Auf Dich wartet ein Team, das Spa\u00df an seiner Arbeit hat und auch wei\u00df, wie professionelles Training Spa\u00df macht &#8211; ob f\u00fcr Anf\u00e4nger oder Profis, ob f\u00fcr alte Hasen oder junge H\u00fcpfer. Unsere Trainer sind Tischtennisprofis mit internationaler Erfahrung: Natalie Horak <a class=\"more-link\" href=\"https:\/\/tt-camp.eu\/?page_id=10\"><span class=\"screen-reader-text\">  Trainer<\/span> weiterlesen<span class=\"meta-nav\">&rarr;<\/span><\/a><\/p>\n","protected":false},"author":4,"featured_media":0,"parent":0,"menu_order":1,"comment_status":"closed","ping_status":"closed","template":"page-fullwidth.php","meta":{"footnotes":""},"class_list":["post-10","page","type-page","status-publish","hentry"],"_links":{"self":[{"href":"https:\/\/tt-camp.eu\/index.php?rest_route=\/wp\/v2\/pages\/10","targetHints":{"allow":["GET"]}}],"collection":[{"href":"https:\/\/tt-camp.eu\/index.php?rest_route=\/wp\/v2\/pages"}],"about":[{"href":"https:\/\/tt-camp.eu\/index.php?rest_route=\/wp\/v2\/types\/page"}],"author":[{"embeddable":true,"href":"https:\/\/tt-camp.eu\/index.php?rest_route=\/wp\/v2\/users\/4"}],"replies":[{"embeddable":true,"href":"https:\/\/tt-camp.eu\/index.php?rest_route=%2Fwp%2Fv2%2Fcomments&post=10"}],"version-history":[{"count":193,"href":"https:\/\/tt-camp.eu\/index.php?rest_route=\/wp\/v2\/pages\/10\/revisions"}],"predecessor-version":[{"id":6028,"href":"https:\/\/tt-camp.eu\/index.php?rest_route=\/wp\/v2\/pages\/10\/revisions\/6028"}],"wp:attachment":[{"href":"https:\/\/tt-camp.eu\/index.php?rest_route=%2Fwp%2Fv2%2Fmedia&parent=10"}],"curies":[{"name":"wp","href":"https:\/\/api.w.org\/{rel}","templated":true}]}}